{"id":8818,"date":"2020-03-27T15:38:00","date_gmt":"2020-03-27T13:38:00","guid":{"rendered":"https:\/\/www.flamazing.net\/?page_id=8818"},"modified":"2020-12-23T18:11:38","modified_gmt":"2020-12-23T16:11:38","slug":"proekt","status":"publish","type":"page","link":"https:\/\/www.flamazing.net\/de\/proekt\/","title":{"rendered":"Projekt"},"content":{"rendered":"<p>Wir freuen uns, Ihnen mitteilen zu k\u00f6nnen, dass die FLAMAZING GmbH ein Projekt im Rahmen der Verwaltungsvereinbarung BG16RFOP002-2.024-1207, Projektname: \"F\u00f6rderung des Unternehmertums in der FLAMAZING GmbH\", Verfahren BG16RFOP002-2.024 \"F\u00f6rderung des Unternehmertums\", Operationelles Programm \"Innovation und Wettbewerbsf\u00e4higkeit\" 2014-2020, kofinanziert von der Europ\u00e4ischen Union durch den Europ\u00e4ischen Fonds f\u00fcr regionale Entwicklung, durchf\u00fchrt.<\/p>\n<p>Die Gesamtkosten des Projekts belaufen sich auf 218116,15 BGN, davon 148318,98 BGN europ\u00e4ische und 26173,94 BGN nationale Kofinanzierung.<\/p>\n<p>KURZE BESCHREIBUNG DES PROJEKTS:<\/p>\n<p>Flaming Ltd ist ein aktives Unternehmen, das 2018 gegr\u00fcndet wurde und dessen eingetragener Sitz sich in .<\/p>\n<p>Das Hauptziel dieses Projekts ist es, die nachhaltige und wettbewerbsf\u00e4hige Entwicklung des Unternehmens durch die Marktumsetzung einer unternehmerischen Idee zu gew\u00e4hrleisten, die in die Sektoren f\u00e4llt, die mit der Bew\u00e4ltigung europ\u00e4ischer und regionaler Herausforderungen verbunden sind, n\u00e4mlich: kommerzielle Fotografie - Fotografie f\u00fcr die Werbung, die als wirtschaftliche Aktivit\u00e4t in den Sektor M 74.20 T\u00e4tigkeiten im Bereich der Fotografie f\u00e4llt.<\/p>\n<p>Die Verwirklichung der unternehmerischen Idee wird sich unmittelbar positiv auf Gesellschaft und Umwelt auswirken und steht im Einklang mit den Themenbereichen der Innovationsstrategie f\u00fcr intelligente Spezialisierung.<\/p>\n<p>Das Projekt wird durch die Durchf\u00fchrung der folgenden Aktivit\u00e4ten umgesetzt:<br \/>\nAktivit\u00e4t 1: Vermarktung der unternehmerischen Idee - dazu geh\u00f6ren:<br \/>\n- ein Team aus qualifiziertem Personal gebildet wird, das f\u00fcr die Umsetzung der unternehmerischen Idee erforderlich ist;<br \/>\n- realisierte Investitionen in Sachanlagen, die die notwendigen technologischen Voraussetzungen f\u00fcr die Verwirklichung der unternehmerischen Idee schaffen;<br \/>\n- einen gemieteten Arbeitsraum;<br \/>\n- eine Website des Antragstellers, die f\u00fcr die unternehmerische Idee wirbt und ihre Umsetzung am Markt unterst\u00fctzt;<br \/>\n- Entwicklung einer Marktanalyse und eines Marketingplans f\u00fcr die Marktrealisierung, Schaffung von Voraussetzungen f\u00fcr eine erfolgreiche Marktrealisierung, als Quelle von Fachinformationen f\u00fcr angemessene und ma\u00dfgeschneiderte Ma\u00dfnahmen in diesem Prozess.<\/p>\n<p>Aktivit\u00e4t 2: Projektvisualisierung - f\u00fcr die Bekanntmachung und Visualisierung des Projekts<\/p>\n<p>ZIELE:<br \/>\nDas wichtigste (allgemeine) Ziel des Projekts:<\/p>\n<p>Sicherstellung einer nachhaltigen und wettbewerbsf\u00e4higen Entwicklung des Unternehmens durch die Vermarktung einer unternehmerischen Idee, die zu den Sektoren geh\u00f6rt, die mit der Bew\u00e4ltigung europ\u00e4ischer und regionaler Herausforderungen verbunden sind, n\u00e4mlich: Werbefotografie - Fotografie f\u00fcr die Werbung, die als Wirtschaftst\u00e4tigkeit zum Sektor M 74.20 T\u00e4tigkeiten im Bereich der Fotografie geh\u00f6rt.<\/p>\n<p>Die spezifischen Ziele (SO) des Projekts, die zur Erreichung des (allgemeinen) Hauptziels f\u00fchren, sind:<\/p>\n<p>SO 1: Bildung eines Teams aus qualifiziertem Personal, das f\u00fcr die Umsetzung der unternehmerischen Idee - dem Gegenstand des Projekts - erforderlich ist.<br \/>\nSO 2: Schaffung der notwendigen Voraussetzungen f\u00fcr die Durchf\u00fchrung der Dienstleistung - dem Gegenstand des Projekts - durch die Bereitstellung von Arbeitsr\u00e4umen, die Schaffung von Bedingungen f\u00fcr die Inbetriebnahme der geplanten Anschaffung von Sachanlagen und die Arbeit von qualifiziertem Personal.<br \/>\nSO 3: Schaffung der notwendigen technologischen Voraussetzungen f\u00fcr die erfolgreiche Marktumsetzung der unternehmerischen Idee durch die Durchf\u00fchrung von Investitionen in Sachanlagen.<br \/>\nSO 4: Schaffung der notwendigen Voraussetzungen f\u00fcr eine erfolgreiche Marktumsetzung und eine wirksame Werbung f\u00fcr die unternehmerische Idee durch die Entwicklung einer Marktanalyse und eines Marketingplans f\u00fcr die Marktumsetzung sowie die Erstellung einer Website des Antragstellers.<br \/>\nSO 5: Gew\u00e4hrleistung der \u00d6ffentlichkeitsarbeit und der Sichtbarkeit des Projekts.<\/p>\n<p>ERGEBNISSE:<\/p>\n<p>Ergebnisse der Umsetzung der Aktivit\u00e4t zur Umsetzung der unternehmerischen Idee (Produkte\/Dienstleistungen) auf dem Markt (Die Aktivit\u00e4t wird umgesetzt durch: 1.Einstellung von qualifiziertem Personal - 3 Experten; 2.Kauf von Anlageverm\u00f6gen 3.Externe Dienstleistungen - f\u00fcr die Erstellung der Website des Antragstellers und f\u00fcr die Entwicklung einer Marktanalyse und eines Marketingplans f\u00fcr die Marktumsetzung und 4. Angemietete Arbeitsr\u00e4ume) \/Teil 1 und Teil 2\/:<\/p>\n<p>- Vereinbarter Plan f\u00fcr die Verfahren zur Auswahl von Auftragnehmern im Rahmen des Projekts - 1 Punkt;<br \/>\n- Durchf\u00fchrung eines Verfahrens zur Auswahl von Auftragnehmern durch \u00f6ffentliche Ausschreibung gem\u00e4\u00df den Bestimmungen des EUSIF\/PMS 160 - f\u00fcr die Auswahl von Auftragnehmern f\u00fcr die Lieferung von Anlageg\u00fctern - 1 Ausgabe;<br \/>\n- Mit dem\/den ausgew\u00e4hlten Auftragnehmer(n) geschlossene(r) Vertrag(e) f\u00fcr die Lieferung der FTA;<br \/>\n- Ausgeliefert und in Betrieb genommen FTA:<br \/>\n - Station\u00e4re Arbeitspl\u00e4tze: 2<br \/>\n - Mobile Arbeitsstationen: 3<br \/>\n - Tablette: 1 St\u00fcck<br \/>\n - Kamera: 2 St\u00fcck<br \/>\n - Blitzlicht: 2 St\u00fcck<br \/>\n - Objekte: insgesamt 8, jeweils 1 der folgenden Typen: Typ 1, Typ 2, Typ 3, Typ 4, Typ 5, Typ 6, Typ 7 und Typ 8<br \/>\n- Unterzeichnete Zustellungsannahmeprotokolle (DAP) - 2 St\u00fcck;<br \/>\n- Schaffung der notwendigen technologischen Voraussetzungen f\u00fcr die Umsetzung und Vermarktung der unternehmerischen Idee;<br \/>\n- Schaffung der notwendigen technologischen Voraussetzungen f\u00fcr eine nachhaltige Entwicklung der unternehmerischen Idee;<br \/>\n- Auswahlverfahren durch Einholung von mindestens 2 Angeboten -<br \/>\n - f\u00fcr die Auswahl eines Auftragnehmers f\u00fcr die Erbringung einer externen Dienstleistung zur Entwicklung einer Marktanalyse und eines Marketingplans f\u00fcr die Umsetzung der unternehmerischen Idee auf dem Markt - 1 Ausgabe<br \/>\n - f\u00fcr die Auswahl eines Auftragnehmers f\u00fcr die Erstellung der Website des Antragstellers - 1 Ausgabe<br \/>\n - zur Miete eines Arbeitszimmers - 1<br \/>\n- Ausgew\u00e4hlte Auftragnehmer f\u00fcr externe Dienstleistungen und die Anmietung von Arbeitsr\u00e4umen - 3;<br \/>\n- Erstellung einer Marktanalyse und eines Marketingplans f\u00fcr die Marktrealisierung der unternehmerischen Idee - 1 Ausgabe, Unterzeichnung einer PPP f\u00fcr Dienstleistungen und Schaffung der Voraussetzungen f\u00fcr eine erfolgreiche Marktrealisierung der unternehmerischen Idee als Ergebnis der erbrachten externen Dienstleistung;<br \/>\n- Erstellung der Website des Antragstellers - 1 Ausgabe, Unterzeichnung der PPP f\u00fcr Dienstleistungen, Schaffung von Voraussetzungen f\u00fcr die erfolgreiche Marktrealisierung der unternehmerischen Idee und ihre wirksame F\u00f6rderung auf dem Zielmarkt, einschlie\u00dflich einer positiven sozialen Wirkung;<br \/>\n- Vertrag \u00fcber die Anmietung von Arbeitsr\u00e4umen und Bedingungen f\u00fcr die Inbetriebnahme der geplanten FTA und die Arbeit des qualifizierten Personals - f\u00fcr einen Zeitraum von 12 Monaten innerhalb des Projektdurchf\u00fchrungszeitraums;<br \/>\n- Durchgef\u00fchrtes Einstellungsverfahren - in Bezug auf die einzustellende Person - Teil des zus\u00e4tzlichen qualifizierten Personals - 1 Person;<br \/>\n- Qualifiziertes Personal - insgesamt 3 Experten;<br \/>\n- Qualifizierte Fachleute, die die unternehmerische Idee vermarkten, f\u00fcr die Gesamtdurchf\u00fchrung des PI verantwortlich sind und sich f\u00fcr eine dauerhafte Besch\u00e4ftigung durch den Beg\u00fcnstigten einsetzen;<br \/>\n- Eine unternehmerische Idee, die auf dem Markt umgesetzt wird und deren nachhaltige Entwicklung gew\u00e4hrleistet ist, einschlie\u00dflich der wettbewerbsf\u00e4higen und nachhaltigen Entwicklung des Bewerberunternehmens auf lange Sicht.<\/p>\n<p>Ergebnisse der Projektvisualisierungsaktivit\u00e4t (die Aktivit\u00e4t wird durch den Kauf von Schildern - 2 St\u00fcck und Aufklebern - 36 St\u00fcck umgesetzt)<\/p>\n<p>- Durchf\u00fchrung eines Verfahrens zur Auswahl eines Auftragnehmers durch den Beg\u00fcnstigten gem\u00e4\u00df den Bestimmungen des EUSIF-Gesetzes und den Leitlinien der Verwaltungsbeh\u00f6rde f\u00fcr das operationelle Programm \"Innovation und Wettbewerbsf\u00e4higkeit\" 2014-2020 - durch Einholung von mindestens 2 vergleichbaren Angeboten - 1 Nummer;<br \/>\n- Ausgew\u00e4hlter Auftragnehmer - 1 St\u00fcck;<br \/>\n- Informations- und Publizit\u00e4tsma\u00dfnahmen im Einklang mit den geltenden Anforderungen und Leitlinien f\u00fcr die Umsetzung der Informations- und Kommunikationsvorschriften 2014-2020;<br \/>\n- Die Informations- und Kommunikationsma\u00dfnahmen f\u00fcr die Einrichtung der Website des Antragstellers, die im Rahmen der Durchf\u00fchrung dieses Projekts geplant ist, wurden eingehalten;<br \/>\n- Plakate mit Informationen \u00fcber das Projekt (Mindestgr\u00f6\u00dfe A3), die gem\u00e4\u00df den geltenden Informations- und Kommunikationsanforderungen vorbereitet und an einem f\u00fcr die \u00d6ffentlichkeit sichtbaren Ort angebracht werden - 2 St\u00fcck;<br \/>\n- Erw\u00e4hnen Sie den EU-Beitrag, das Finanzierungs-OP und die EFRE-Unterst\u00fctzung auf jedem Dokument, das sich auf die Projektdurchf\u00fchrung bezieht;<br \/>\n- Informationsaufkleber, die in \u00dcbereinstimmung mit den Informations- und Publizit\u00e4tsanforderungen erstellt und an allen im Rahmen des Projekts erworbenen FTAs angebracht wurden - 36 St\u00fcck.\t<\/p>","protected":false},"excerpt":{"rendered":"<p>Wir freuen uns, Ihnen mitteilen zu k\u00f6nnen, dass die FLAMAZING GmbH ein Projekt im Rahmen der Verwaltungsvereinbarung BG16RFOP002-2.024-1207, Projektname: \"F\u00f6rderung des Unternehmertums in der FLAMAZING GmbH\", Verfahren BG16RFOP002-2.024 \"F\u00f6rderung des Unternehmertums\", Operationelles Programm \"Innovation und Wettbewerbsf\u00e4higkeit\" 2014-2020, kofinanziert von der Europ\u00e4ischen Union durch den Europ\u00e4ischen Fonds f\u00fcr regionale Entwicklung, durchf\u00fchrt. [...]<\/p>","protected":false},"author":1,"featured_media":0,"parent":0,"menu_order":0,"comment_status":"closed","ping_status":"closed","template":"","meta":{"footnotes":""},"class_list":["post-8818","page","type-page","status-publish","hentry"],"_links":{"self":[{"href":"https:\/\/www.flamazing.net\/de\/wp-json\/wp\/v2\/pages\/8818","targetHints":{"allow":["GET"]}}],"collection":[{"href":"https:\/\/www.flamazing.net\/de\/wp-json\/wp\/v2\/pages"}],"about":[{"href":"https:\/\/www.flamazing.net\/de\/wp-json\/wp\/v2\/types\/page"}],"author":[{"embeddable":true,"href":"https:\/\/www.flamazing.net\/de\/wp-json\/wp\/v2\/users\/1"}],"replies":[{"embeddable":true,"href":"https:\/\/www.flamazing.net\/de\/wp-json\/wp\/v2\/comments?post=8818"}],"version-history":[{"count":0,"href":"https:\/\/www.flamazing.net\/de\/wp-json\/wp\/v2\/pages\/8818\/revisions"}],"wp:attachment":[{"href":"https:\/\/www.flamazing.net\/de\/wp-json\/wp\/v2\/media?parent=8818"}],"curies":[{"name":"wp","href":"https:\/\/api.w.org\/{rel}","templated":true}]}}