{"id":4994,"date":"2020-03-24T14:03:00","date_gmt":"2020-03-24T12:03:00","guid":{"rendered":"https:\/\/themeforest.unitedthemes.com\/wpversions\/brooklyn\/xml\/demo43-dark\/?page_id=4994"},"modified":"2020-12-23T18:09:32","modified_gmt":"2020-12-23T16:09:32","slug":"za-nas","status":"publish","type":"page","link":"https:\/\/www.flamazing.net\/es\/za-nas\/","title":{"rendered":"Qui\u00e9nes somos"},"content":{"rendered":"<div class=\"wpb-content-wrapper\"><section id=\"ut-section-69fa0ad289fa5\" data-vc-full-width=\"true\" data-vc-full-width-init=\"false\" data-cursor-skin=\"global\" class=\"vc_section ut-vc-160 vc_section-has-no-fill ut-section-69fa0ad289fad\"><div id=\"ut-row-69fa0ad28a30f\" data-vc-full-width=\"true\" data-vc-full-width-init=\"false\" class=\"vc_row wpb_row vc_row-fluid vc_column-gap-0 ut-animate-element animated ut-no-animation-tablet ut-no-animation-mobile ut-row-69fa0ad28a3f1\" data-effect=\"fadeIn\" data-animateonce=\"yes\" data-delay=\"0\" data-animation-duration=\"2s\"><div class=\"wpb_column vc_column_container vc_col-sm-12 vc_col-has-fill ut-animate-element animated ut-no-animation-tablet ut-no-animation-mobile\" data-effect=\"fadeIn\" data-animateonce=\"yes\" data-delay=\"0\" data-animation-duration=\"2s\"><div id=\"ut_inner_column_69fa0ad28a863\" class=\"vc_column-inner ut-background-lozad\" data-background-image=\"https:\/\/www.flamazing.net\/wp-content\/uploads\/ut-dots.svg?id=5939\"><div class=\"wpb_wrapper\"><div  class=\"wpb_content_element   clearfix\"><style type=\"text\/css\">#ut_am_69fa0ad28ad77 { opacity: 1; }#ut_am_wrap_69fa0ad28ad78 .ut-image-gallery-item.ut-animation-done:hover .ut-image-gallery-image-caption, #ut_am_wrap_69fa0ad28ad78 .ut-image-gallery-item.ut-element-is-animating:hover .ut-image-gallery-image-caption { background: #000000; }#ut_am_wrap_69fa0ad28ad78 .ut-image-gallery-item .ut-image-gallery-image-caption-style-2 { background: #000000; }@media (min-width: 768px) { #ut_am_wrap_69fa0ad28ad78 .ut-animated-image-item a { padding-right: 40px; } }@media (min-width: 768px) { #ut_am_wrap_69fa0ad28ad78 .ut-box-shadow-container { margin-right: 40px; } }#ut_am_wrap_69fa0ad28ad78 .ut-animated-image-zoom::after { background: url(https:\/\/www.flamazing.net\/wp-content\/uploads\/flamazing-za-nas-11-2560x1440.jpg); }#ut_am_wrap_69fa0ad28ad78 .ut-image-gallery-item-caption-title-style-2 h3 { line-height: 125%; }#ut_am_wrap_69fa0ad28ad78 .ut-image-gallery-item-caption-title-style-2 h3 { letter-spacing: 0em; }#ut_am_wrap_69fa0ad28ad78 .ut-image-gallery-item-caption-title-style-2 h3 { font-size: 200%; }#ut_am_wrap_69fa0ad28ad78 .ut-gallery-slider-caption { font-weight: bold; }#ut_am_wrap_69fa0ad28ad78 { text-align: center; }@media (min-width: 768px) and (max-width: 1024px) { #ut_am_wrap_69fa0ad28ad78 { text-align: center !important; } }@media (max-width: 767px) { #ut_am_wrap_69fa0ad28ad78 { text-align: center !important; } }<\/style><div id=\"ut_am_wrap_69fa0ad28ad78\" class=\"ut-image-gallery-image  ut-reveal-fx ut-element-with-block-reveal\"><div id=\"ut_reveal_69fa0ad28ad79\" data-reveal-bgcolor=\"\" data-reveal-direction=\"tb\" data-reveal-duration=\"750\" data-reveal-delay=\"1000\" data-appear-top-offset=\"auto\" class=\"ut-animated-image-item ut-image-gallery-item ut-animation-done ut-reveal-fx-element ut-block-reveal-hide\"><a class=\"ut-deactivated-link\" href=\"#\"><div class=\"ut-animated-image-zoom\"><img loading=\"lazy\" decoding=\"async\" class=\"ut-lazy skip-lazy ut-animated-image\"  id=\"ut_am_69fa0ad28ad77\" src=\"data:image\/svg+xml;charset=utf-8,%3Csvg xmlns%3D'http%3A%2F%2Fwww.w3.org%2F2000%2Fsvg' viewBox%3D'0 0 2560 1440'%2F%3E\" data-src=\"https:\/\/www.flamazing.net\/wp-content\/uploads\/flamazing-za-nas-11-2560x1440.jpg\" width=\"2560\" height=\"1440\" alt=\"\"\/><\/div><div data-image-caption class=\"ut-image-gallery-image-caption-style-2\"><div class=\"ut-image-gallery-item-caption-title-style-2\"><h3>Qui\u00e9nes somos<br \/><small>qui\u00e9nes somos<\/small><\/h3><\/div><\/div><\/a><\/div><\/div><\/div><\/div><\/div><style type=\"text\/css\">#ut_inner_column_69fa0ad28a863{background-position:left center !important;;background-repeat: no-repeat !important;background-size: contain !important;}<\/style><\/div><\/div><div class=\"vc_row-full-width vc_clearfix\"><\/div><a data-id=\"section-without-id\" class=\"ut-vc-offset-anchor-bottom\" name=\"section-without-id\"><\/a><\/section><div class=\"vc_row-full-width vc_clearfix\"><\/div><section id=\"ut-section-69fa0ad28b40a\" data-vc-full-width=\"true\" data-vc-full-width-init=\"false\" data-cursor-skin=\"global\" class=\"vc_section ut-vc-160 vc_section-has-no-fill ut-section-69fa0ad28b40f\"><div id=\"ut-row-69fa0ad28b71d\" data-vc-full-width=\"true\" data-vc-full-width-init=\"false\" class=\"vc_row wpb_row vc_row-fluid vc_column-gap-0 ut-row-69fa0ad28b722\" ><div class=\"wpb_column vc_column_container vc_col-sm-12 vc_col-lg-offset-2 vc_col-lg-8 ut-animate-element animated ut-no-animation-tablet ut-no-animation-mobile\" data-effect=\"fadeIn\" data-animateonce=\"yes\" data-delay=\"0\" data-animation-duration=\"1s\"><div id=\"ut_inner_column_69fa0ad28b9f2\" class=\"vc_column-inner\" ><div class=\"wpb_wrapper\"><div class=\"wpb_content_element\"><style type=\"text\/css\"><\/style><header id=\"ut_header_69fa0ad28bd3e\" class=\"section-header  ut-no-title-linebreak-mobile ut-no-lead-linebreak-mobile pt-style-7 header-left header-tablet-left header-mobile-center element-with-custom-line-height\"><div class=\"element-with-custom-line-height\" ><h2 data-title=\"\u0421\u0442\u0443\u0434\u0438\u043e&#13;&#10;\u0437\u0430 \u0432\u0438\u0437\u0443\u0430\u043b\u043d\u043e&#13;&#10;\u0441\u044a\u0434\u044a\u0440\u0436\u0430\u043d\u0438\u0435\"  data-responsive-font=\"section_title\" class=\"section-title title-with-linebreak\"><span>Estudio<br \/>\nvisual<br \/>\nContenido<\/span><\/h2><\/div><\/header><\/div>\r\n\t<div class=\"wpb_text_column wpb_content_element\" >\r\n\t\t<div class=\"wpb_wrapper\">\r\n\t\t\t<p>Creamos contenidos de calidad, \u00fanicos, frescos y divertidos.<\/p>\n<p>El contenido que su empresa necesita para captar la atenci\u00f3n de los consumidores adecuados en el sobresaturado mundo de las redes sociales, las plataformas para compartir v\u00eddeos, los blogs, los sitios web y las aplicaciones.<\/p>\n<p>Nuestro equipo est\u00e1 formado por profesionales \u00fanicos con experiencia en fotograf\u00eda, direcci\u00f3n, cinematograf\u00eda, edici\u00f3n y dise\u00f1o digital con decenas de miles de horas de trabajo.<\/p>\n<p>Todos nosotros tenemos el placer de hacer lo que m\u00e1s nos gusta: crear una realidad digital distintiva, diferente y hermosa. Nos encanta lo poco convencional, lo provocativo y lo elegante, y eso se nota en nuestro trabajo. Siempre nos encontrar\u00e1 sonriendo y trabajando con ilusi\u00f3n, acompa\u00f1ados de un gran flamenco rosa.<\/p>\n\r\n\t\t<\/div>\r\n\t<\/div>\r\n<\/div><\/div><\/div><\/div><div class=\"vc_row-full-width vc_clearfix\"><\/div><div id=\"ut-row-69fa0ad28e398\" data-vc-full-width=\"true\" data-vc-full-width-init=\"false\" class=\"vc_row wpb_row vc_row-fluid vc_column-gap-0 ut-row-69fa0ad28e39e\" ><div class=\"wpb_column vc_column_container vc_col-lg-8 vc_col-md-8 vc_col-sm-7 vc_col-xs-12\" ><div id=\"ut_inner_column_69fa0ad28e619\" class=\"vc_column-inner\" ><div class=\"wpb_wrapper\"><div  class=\"wpb_content_element   clearfix\"><style type=\"text\/css\">#ut_am_69fa0ad28e921 { opacity: 1; }#ut_am_wrap_69fa0ad28e922 .ut-image-gallery-item-caption-title h3 { letter-spacing: 0em; }#ut_am_wrap_69fa0ad28e922 .ut-gallery-slider-caption { font-weight: bold; }#ut_am_wrap_69fa0ad28e922 { text-align: center; }@media (min-width: 768px) and (max-width: 1024px) { #ut_am_wrap_69fa0ad28e922 { text-align: center !important; } }@media (max-width: 767px) { #ut_am_wrap_69fa0ad28e922 { text-align: center !important; } }<\/style><div id=\"ut_am_wrap_69fa0ad28e922\" class=\"ut-image-gallery-image  ut-reveal-fx ut-element-with-block-reveal\"><div id=\"ut_reveal_69fa0ad28e923\" data-reveal-bgcolor=\"\" data-reveal-direction=\"lr\" data-reveal-duration=\"750\" data-reveal-delay=\"250\" data-appear-top-offset=\"auto\" class=\"ut-animated-image-item ut-image-gallery-item ut-animation-done ut-reveal-fx-element ut-block-reveal-hide\"><a class=\"ut-deactivated-link\" href=\"#\"><div class=\"ut-animated-image-zoom\"><img loading=\"lazy\" decoding=\"async\" class=\"ut-lazy skip-lazy ut-animated-image\"  id=\"ut_am_69fa0ad28e921\" src=\"data:image\/svg+xml;charset=utf-8,%3Csvg xmlns%3D'http%3A%2F%2Fwww.w3.org%2F2000%2Fsvg' viewBox%3D'0 0 1786 1068'%2F%3E\" data-src=\"https:\/\/www.flamazing.net\/wp-content\/uploads\/flamazing-za-nas-31-1786x1068.jpg\" width=\"1786\" height=\"1068\" alt=\"\"\/><\/div><\/a><\/div><\/div><\/div><\/div><\/div><\/div><div class=\"wpb_column vc_column_container vc_col-lg-4 vc_col-md-4 vc_col-sm-5 vc_col-xs-12\" ><div id=\"ut_inner_column_69fa0ad28ea31\" class=\"vc_column-inner\" ><div class=\"wpb_wrapper\"><div  class=\"wpb_content_element   clearfix\"><style type=\"text\/css\">#ut_am_69fa0ad28ed32 { opacity: 1; }#ut_am_wrap_69fa0ad28ed33 .ut-image-gallery-item-caption-title h3 { letter-spacing: 0em; }#ut_am_wrap_69fa0ad28ed33 .ut-gallery-slider-caption { font-weight: bold; }#ut_am_wrap_69fa0ad28ed33 { text-align: center; }@media (min-width: 768px) and (max-width: 1024px) { #ut_am_wrap_69fa0ad28ed33 { text-align: center !important; } }@media (max-width: 767px) { #ut_am_wrap_69fa0ad28ed33 { text-align: center !important; } }<\/style><div id=\"ut_am_wrap_69fa0ad28ed33\" class=\"ut-image-gallery-image  ut-reveal-fx ut-element-with-block-reveal\"><div id=\"ut_reveal_69fa0ad28ed34\" data-reveal-bgcolor=\"\" data-reveal-direction=\"rl\" data-reveal-duration=\"750\" data-reveal-delay=\"500\" data-appear-top-offset=\"auto\" class=\"ut-animated-image-item ut-image-gallery-item ut-animation-done ut-reveal-fx-element ut-block-reveal-hide\"><a class=\"ut-deactivated-link\" href=\"#\"><div class=\"ut-animated-image-zoom\"><img loading=\"lazy\" decoding=\"async\" class=\"ut-lazy skip-lazy ut-animated-image\"  id=\"ut_am_69fa0ad28ed32\" src=\"data:image\/svg+xml;charset=utf-8,%3Csvg xmlns%3D'http%3A%2F%2Fwww.w3.org%2F2000%2Fsvg' viewBox%3D'0 0 852 1068'%2F%3E\" data-src=\"https:\/\/www.flamazing.net\/wp-content\/uploads\/flamazing-za-nas-32-852x1068.jpg\" width=\"852\" height=\"1068\" alt=\"\"\/><\/div><\/a><\/div><\/div><\/div><\/div><\/div><\/div><\/div><div class=\"vc_row-full-width vc_clearfix\"><\/div><div id=\"ut-row-69fa0ad28f011\" data-vc-full-width=\"true\" data-vc-full-width-init=\"false\" class=\"vc_row wpb_row vc_row-fluid vc_column-gap-0 ut-row-69fa0ad28f016\" ><div class=\"wpb_column vc_column_container vc_col-lg-6 vc_col-md-6 vc_col-sm-6 vc_col-xs-12\" ><div id=\"ut_inner_column_69fa0ad28f3ae\" class=\"vc_column-inner\" ><div class=\"wpb_wrapper\"><div  class=\"wpb_content_element   clearfix\"><style type=\"text\/css\">#ut_am_69fa0ad28f671 { opacity: 1; }#ut_am_wrap_69fa0ad28f672 .ut-image-gallery-item-caption-title h3 { letter-spacing: 0em; }#ut_am_wrap_69fa0ad28f672 .ut-gallery-slider-caption { font-weight: bold; }#ut_am_wrap_69fa0ad28f672 { text-align: center; }@media (min-width: 768px) and (max-width: 1024px) { #ut_am_wrap_69fa0ad28f672 { text-align: center !important; } }@media (max-width: 767px) { #ut_am_wrap_69fa0ad28f672 { text-align: center !important; } }<\/style><div id=\"ut_am_wrap_69fa0ad28f672\" class=\"ut-image-gallery-image  ut-reveal-fx ut-element-with-block-reveal\"><div id=\"ut_reveal_69fa0ad28f673\" data-reveal-bgcolor=\"\" data-reveal-direction=\"tb\" data-reveal-duration=\"750\" data-reveal-delay=\"750\" data-appear-top-offset=\"auto\" class=\"ut-animated-image-item ut-image-gallery-item ut-animation-done ut-reveal-fx-element ut-block-reveal-hide\"><a class=\"ut-deactivated-link\" href=\"#\"><div class=\"ut-animated-image-zoom\"><img loading=\"lazy\" decoding=\"async\" class=\"ut-lazy skip-lazy ut-animated-image\"  id=\"ut_am_69fa0ad28f671\" src=\"data:image\/svg+xml;charset=utf-8,%3Csvg xmlns%3D'http%3A%2F%2Fwww.w3.org%2F2000%2Fsvg' viewBox%3D'0 0 1400 960'%2F%3E\" data-src=\"https:\/\/www.flamazing.net\/wp-content\/uploads\/flamazing-za-nas-33-1400x960.jpg\" width=\"1400\" height=\"960\" alt=\"\"\/><\/div><\/a><\/div><\/div><\/div><\/div><\/div><\/div><div class=\"wpb_column vc_column_container vc_col-lg-6 vc_col-md-6 vc_col-sm-6 vc_col-xs-12\" ><div id=\"ut_inner_column_69fa0ad28f78a\" class=\"vc_column-inner\" ><div class=\"wpb_wrapper\"><div  class=\"wpb_content_element   clearfix\"><style type=\"text\/css\">#ut_am_69fa0ad28fa2b { opacity: 1; }#ut_am_wrap_69fa0ad28fa2c .ut-image-gallery-item-caption-title h3 { letter-spacing: 0em; }#ut_am_wrap_69fa0ad28fa2c .ut-gallery-slider-caption { font-weight: bold; }#ut_am_wrap_69fa0ad28fa2c { text-align: center; }@media (min-width: 768px) and (max-width: 1024px) { #ut_am_wrap_69fa0ad28fa2c { text-align: center !important; } }@media (max-width: 767px) { #ut_am_wrap_69fa0ad28fa2c { text-align: center !important; } }<\/style><div id=\"ut_am_wrap_69fa0ad28fa2c\" class=\"ut-image-gallery-image  ut-reveal-fx ut-element-with-block-reveal\"><div id=\"ut_reveal_69fa0ad28fa2d\" data-reveal-bgcolor=\"\" data-reveal-direction=\"bt\" data-reveal-duration=\"750\" data-reveal-delay=\"1000\" data-appear-top-offset=\"auto\" class=\"ut-animated-image-item ut-image-gallery-item ut-animation-done ut-reveal-fx-element ut-block-reveal-hide\"><a class=\"ut-deactivated-link\" href=\"#\"><div class=\"ut-animated-image-zoom\"><img loading=\"lazy\" decoding=\"async\" class=\"ut-lazy skip-lazy ut-animated-image\"  id=\"ut_am_69fa0ad28fa2b\" src=\"data:image\/svg+xml;charset=utf-8,%3Csvg xmlns%3D'http%3A%2F%2Fwww.w3.org%2F2000%2Fsvg' viewBox%3D'0 0 1400 960'%2F%3E\" data-src=\"https:\/\/www.flamazing.net\/wp-content\/uploads\/flamazing-za-nas-34-1400x960.jpg\" width=\"1400\" height=\"960\" alt=\"\"\/><\/div><\/a><\/div><\/div><\/div><\/div><\/div><\/div><style type=\"text\/css\">#ut-row-69fa0ad28f011{margin-top: 0px !important;} <\/style><\/div><div class=\"vc_row-full-width vc_clearfix\"><\/div><a data-id=\"section-without-id\" class=\"ut-vc-offset-anchor-bottom\" name=\"section-without-id\"><\/a><\/section><div class=\"vc_row-full-width vc_clearfix\"><\/div>\n<\/div>","protected":false},"excerpt":{"rendered":"Qu\u00e9 hacemosEstudio de contenidos visuales Creamos contenidos: de calidad, \u00fanicos, frescos y divertidos. El contenido que su empresa necesita para captar la atenci\u00f3n de los usuarios adecuados en el sobresaturado mundo de las redes sociales, las plataformas para compartir v\u00eddeos, los blogs, los sitios web y las aplicaciones. Nuestro equipo est\u00e1 formado por profesionales \u00fanicos con experiencia en fotograf\u00eda, direcci\u00f3n, cinematograf\u00eda [...]","protected":false},"author":1,"featured_media":0,"parent":0,"menu_order":0,"comment_status":"closed","ping_status":"closed","template":"","meta":{"footnotes":""},"class_list":["post-4994","page","type-page","status-publish","hentry"],"_links":{"self":[{"href":"https:\/\/www.flamazing.net\/es\/wp-json\/wp\/v2\/pages\/4994","targetHints":{"allow":["GET"]}}],"collection":[{"href":"https:\/\/www.flamazing.net\/es\/wp-json\/wp\/v2\/pages"}],"about":[{"href":"https:\/\/www.flamazing.net\/es\/wp-json\/wp\/v2\/types\/page"}],"author":[{"embeddable":true,"href":"https:\/\/www.flamazing.net\/es\/wp-json\/wp\/v2\/users\/1"}],"replies":[{"embeddable":true,"href":"https:\/\/www.flamazing.net\/es\/wp-json\/wp\/v2\/comments?post=4994"}],"version-history":[{"count":0,"href":"https:\/\/www.flamazing.net\/es\/wp-json\/wp\/v2\/pages\/4994\/revisions"}],"wp:attachment":[{"href":"https:\/\/www.flamazing.net\/es\/wp-json\/wp\/v2\/media?parent=4994"}],"curies":[{"name":"wp","href":"https:\/\/api.w.org\/{rel}","templated":true}]}}