{"id":8653,"date":"2020-03-31T13:51:00","date_gmt":"2020-03-31T11:51:00","guid":{"rendered":"https:\/\/www.flamazing.net\/?page_id=8653"},"modified":"2020-12-23T18:12:48","modified_gmt":"2020-12-23T16:12:48","slug":"grafiki","status":"publish","type":"page","link":"https:\/\/www.flamazing.net\/es\/grafiki\/","title":{"rendered":"Gr\u00e1ficos"},"content":{"rendered":"<div class=\"wpb-content-wrapper\"><section id=\"ut-section-69fa18864306c\" data-vc-full-width=\"true\" data-vc-full-width-init=\"false\" data-cursor-skin=\"global\" class=\"vc_section ut-vc-160 vc_section-has-no-fill ut-section-69fa188643079\"><div id=\"ut-row-69fa1886433b2\" data-vc-full-width=\"true\" data-vc-full-width-init=\"false\" class=\"vc_row wpb_row vc_row-fluid vc_column-gap-0 ut-row-69fa1886433b9\" ><div class=\"wpb_column vc_column_container vc_col-sm-12 vc_col-lg-offset-3 vc_col-lg-6 ut-animate-element animated ut-no-animation-tablet ut-no-animation-mobile\" data-effect=\"fadeIn\" data-animateonce=\"yes\" data-delay=\"200\" data-animation-duration=\"1s\"><div id=\"ut_inner_column_69fa1886437a2\" class=\"vc_column-inner\" ><div class=\"wpb_wrapper\"><style type=\"text\/css\">#ut_custom_heading69fa188643836{ font-size: 15px }#ut_custom_heading69fa188643836 { text-align:left; }@media (min-width: 768px) and (max-width: 1024px) { #ut_custom_heading69fa188643836 { text-align:left; } }@media (max-width: 767px) { #ut_custom_heading69fa188643836 { text-align:left; } }<\/style><p id=\"ut_custom_heading69fa188643836\" data-responsive-font=\"p\" data-responsive-font-settings=\"{&quot;base-font-size&quot;:&quot;15&quot;}\" class=\"ut-custom-heading-module\" ><span class=\"\" >Los gr\u00e1ficos bonitos son imprescindibles para la presencia en l\u00ednea de su marca, y los distintos tipos y combinaciones dar\u00e1n a la imagen en l\u00ednea de su empresa un aspecto completo. Necesita logotipos de aspecto profesional, banners, animaciones o cualquier otra cosa que pueda presentarse gr\u00e1ficamente.<\/p>\n<p><strong>Eso es lo que hacemos.<\/strong><\/span><\/p>\r\n<style type=\"text\/css\">\r\n\r\n    \r\n    #ut-empty-space-69fa1886456ff {\r\n        height: 50px    }\r\n\r\n    \r\n        @media (min-width: 768px) and (max-width: 1200px) {\r\n        #ut-empty-space-69fa1886456ff {\r\n        height: 50px;\r\n        display: block;\r\n    }\r\n    }\r\n    \r\n    \r\n    @media (max-width: 767px) {\r\n        #ut-empty-space-69fa1886456ff {\r\n        height: 50px;\r\n        display: block;\r\n    }\r\n    }\r\n\r\n    \r\n<\/style>\r\n\r\n<div class=\"vc_empty_space\" id=\"ut-empty-space-69fa1886456ff\"><span class=\"vc_empty_space_inner\"><\/span><\/div><\/div><\/div><\/div><\/div><div class=\"vc_row-full-width vc_clearfix\"><\/div><a data-id=\"section-without-id\" class=\"ut-vc-offset-anchor-bottom\" name=\"section-without-id\"><\/a><\/section><div class=\"vc_row-full-width vc_clearfix\"><\/div><style>.vc_custom_1571160785757{background-color: #191c20 !important;}.vc_custom_1570061229742{margin-top: 80px !important;}.vc_custom_1570061259532{margin-top: 160px !important;}.vc_custom_1590341002166{margin-bottom: 10px !important;}.vc_custom_1590404484171{margin-bottom: 10px !important;}.vc_custom_1590404491684{margin-bottom: 10px !important;}<\/style><div class=\"wpb-content-wrapper\"><section id=\"ut-section-69fa188645f8c\" data-section-title=\"Image Sizes: 852px X 1374px\" data-vc-full-width=\"true\" data-vc-full-width-init=\"false\" data-cursor-skin=\"global\" class=\"vc_section ut-vc-160 vc_section-has-fill vc_section-o-content-middle vc_section-flex ut-section-69fa188645f92\"><div id=\"ut-row-69fa1886463a3\" data-vc-full-width=\"true\" data-vc-full-width-init=\"false\" class=\"vc_row wpb_row vc_row-fluid vc_column-gap-0 ut-row-69fa1886463a8\" ><div class=\"wpb_column vc_column_container vc_col-sm-4\" ><div id=\"ut_inner_column_69fa188646689\" class=\"vc_column-inner\" ><div class=\"wpb_wrapper\"><style type=\"text\/css\">#ut_custom_heading69fa188646828 { color:rgba(255, 255, 255, 0.5); }#ut_custom_heading69fa188646828 { font-family: \"Poppins\";font-weight:500;font-style:italic; }#ut_custom_heading69fa188646828{ font-size: 14px }#ut_custom_heading69fa188646828{ line-height: 100% }#ut_custom_heading69fa188646828 { text-align:left; }@media (min-width: 768px) and (max-width: 1024px) { #ut_custom_heading69fa188646828 { text-align:left; } }@media (max-width: 767px) { #ut_custom_heading69fa188646828 { text-align:left; } }<\/style><div id=\"ut_custom_heading69fa188646828\" data-responsive-font=\"div\" data-responsive-font-settings=\"{&quot;base-font-size&quot;:&quot;14&quot;,&quot;base-line-height&quot;:&quot;100&quot;}\" class=\"ut-custom-heading-module  ut-animate-element animated ut-no-animation-tablet ut-no-animation-mobile  vc_custom_1590341002166\" data-effect=\"fadeIn\" data-animateonce=\"yes\" data-delay=\"200\"><span class=\"\" >0 \/ 1<\/span><\/div><div  class=\"wpb_content_element   clearfix\"><style type=\"text\/css\">#ut_am_69fa188646b70 { opacity: 1; }#ut_am_wrap_69fa188646b71 .ut-image-gallery-item-caption-title h3 { color: #ffffff; }#ut_am_wrap_69fa188646b71 .ut-image-gallery-item-caption-title-style-2 h3 { color: #ffffff; }#ut_am_wrap_69fa188646b71 .ut-image-gallery-item.ut-animation-done:hover .ut-image-gallery-image-caption, #ut_am_wrap_69fa188646b71 .ut-image-gallery-item.ut-element-is-animating:hover .ut-image-gallery-image-caption { background: #000000; }#ut_am_wrap_69fa188646b71 .ut-image-gallery-item .ut-image-gallery-image-caption-style-2 { background: #000000; }@media (min-width: 768px) { #ut_am_wrap_69fa188646b71 .ut-animated-image-item a { padding-right: 40px; } }@media (min-width: 768px) { #ut_am_wrap_69fa188646b71 .ut-box-shadow-container { margin-right: 40px; } }#ut_am_wrap_69fa188646b71 .ut-animated-image-zoom::after { background: url(https:\/\/www.flamazing.net\/wp-content\/uploads\/flamazing-uslugi-11-852x1374.jpg); }#ut_am_wrap_69fa188646b71 .ut-image-gallery-item-caption-title-style-2 h3 { font-weight: 500; }#ut_am_wrap_69fa188646b71 .ut-image-gallery-item-caption-title-style-2 h3 { line-height: 150%; }#ut_am_wrap_69fa188646b71 .ut-image-gallery-item-caption-title-style-2 h3 { letter-spacing: -0.03em; }#ut_am_wrap_69fa188646b71 .ut-image-gallery-item-caption-title-style-2 h3 { font-size: 16px; }#ut_am_wrap_69fa188646b71 .ut-gallery-slider-caption { font-weight: bold; }#ut_am_wrap_69fa188646b71 { text-align: center; }@media (min-width: 768px) and (max-width: 1024px) { #ut_am_wrap_69fa188646b71 { text-align: center !important; } }@media (max-width: 767px) { #ut_am_wrap_69fa188646b71 { text-align: center !important; } }<\/style><div id=\"ut_am_wrap_69fa188646b71\" class=\"ut-image-gallery-image  ut-reveal-fx ut-element-with-block-reveal\"><div id=\"ut_reveal_69fa188646b72\" data-reveal-bgcolor=\"\" data-reveal-direction=\"lr\" data-reveal-duration=\"750\" data-reveal-delay=\"250\" data-appear-top-offset=\"auto\" class=\"ut-animated-image-item ut-image-gallery-item ut-animation-done ut-reveal-fx-element ut-block-reveal-hide\"><a target=\"_self\" href=\"\/es\/snimki\/\" ><div class=\"ut-animated-image-zoom\"><img loading=\"lazy\" decoding=\"async\" class=\"ut-lazy skip-lazy ut-animated-image\"  id=\"ut_am_69fa188646b70\" src=\"data:image\/svg+xml;charset=utf-8,%3Csvg xmlns%3D'http%3A%2F%2Fwww.w3.org%2F2000%2Fsvg' viewBox%3D'0 0 852 1374'%2F%3E\" data-src=\"https:\/\/www.flamazing.net\/wp-content\/uploads\/flamazing-uslugi-11-852x1374.jpg\" width=\"852\" height=\"1374\" alt=\"\"\/><\/div><div data-image-caption class=\"ut-image-gallery-image-caption-style-2\"><div class=\"ut-image-gallery-item-caption-title-style-2\"><h3>Fotos<\/h3><\/div><\/div><\/a><\/div><\/div><\/div>\r\n<style type=\"text\/css\">\r\n\r\n    \r\n    #ut-empty-space-69fa188646c19 {\r\n        height: 20px    }\r\n\r\n    \r\n        @media (min-width: 768px) and (max-width: 1200px) {\r\n        #ut-empty-space-69fa188646c19 {\r\n        height: 20px;\r\n        display: block;\r\n    }\r\n    }\r\n    \r\n    \r\n    @media (max-width: 767px) {\r\n        #ut-empty-space-69fa188646c19 {\r\n        height: 20px;\r\n        display: block;\r\n    }\r\n    }\r\n\r\n    \r\n<\/style>\r\n\r\n<div class=\"vc_empty_space\" id=\"ut-empty-space-69fa188646c19\"><span class=\"vc_empty_space_inner\"><\/span><\/div><\/div><\/div><\/div><div class=\"wpb_column vc_column_container vc_col-sm-4\" ><div id=\"ut_inner_column_69fa188646d0d\" class=\"vc_column-inner\" ><div class=\"wpb_wrapper\"><style type=\"text\/css\">#ut_custom_heading69fa188646eb4 { color:rgba(255, 255, 255, 0.5); }#ut_custom_heading69fa188646eb4 { font-family: \"Poppins\";font-weight:500;font-style:italic; }#ut_custom_heading69fa188646eb4{ font-size: 14px }#ut_custom_heading69fa188646eb4{ line-height: 100% }#ut_custom_heading69fa188646eb4 { text-align:left; }@media (min-width: 768px) and (max-width: 1024px) { #ut_custom_heading69fa188646eb4 { text-align:left; } }@media (max-width: 767px) { #ut_custom_heading69fa188646eb4 { text-align:left; } }<\/style><div id=\"ut_custom_heading69fa188646eb4\" data-responsive-font=\"div\" data-responsive-font-settings=\"{&quot;base-font-size&quot;:&quot;14&quot;,&quot;base-line-height&quot;:&quot;100&quot;}\" class=\"ut-custom-heading-module  ut-animate-element animated ut-no-animation-tablet ut-no-animation-mobile  vc_custom_1590404484171\" data-effect=\"fadeIn\" data-animateonce=\"yes\" data-delay=\"450\"><span class=\"\" >0 \/ 2<\/span><\/div><div  class=\"wpb_content_element   clearfix\"><style type=\"text\/css\">#ut_am_69fa18864712e { opacity: 1; }#ut_am_wrap_69fa18864712f .ut-image-gallery-item-caption-title h3 { color: #ffffff; }#ut_am_wrap_69fa18864712f .ut-image-gallery-item-caption-title-style-2 h3 { color: #ffffff; }#ut_am_wrap_69fa18864712f .ut-image-gallery-item.ut-animation-done:hover .ut-image-gallery-image-caption, #ut_am_wrap_69fa18864712f .ut-image-gallery-item.ut-element-is-animating:hover .ut-image-gallery-image-caption { background: #000000; }#ut_am_wrap_69fa18864712f .ut-image-gallery-item .ut-image-gallery-image-caption-style-2 { background: #000000; }@media (min-width: 768px) { #ut_am_wrap_69fa18864712f .ut-animated-image-item a { padding-right: 40px; } }@media (min-width: 768px) { #ut_am_wrap_69fa18864712f .ut-box-shadow-container { margin-right: 40px; } }#ut_am_wrap_69fa18864712f .ut-animated-image-zoom::after { background: url(https:\/\/www.flamazing.net\/wp-content\/uploads\/flamazing-uslugi-12-852x1374.jpg); }#ut_am_wrap_69fa18864712f .ut-image-gallery-item-caption-title-style-2 h3 { font-weight: 500; }#ut_am_wrap_69fa18864712f .ut-image-gallery-item-caption-title-style-2 h3 { line-height: 150%; }#ut_am_wrap_69fa18864712f .ut-image-gallery-item-caption-title-style-2 h3 { letter-spacing: -0.03em; }#ut_am_wrap_69fa18864712f .ut-image-gallery-item-caption-title-style-2 h3 { font-size: 16px; }#ut_am_wrap_69fa18864712f .ut-gallery-slider-caption { font-weight: bold; }#ut_am_wrap_69fa18864712f { text-align: center; }@media (min-width: 768px) and (max-width: 1024px) { #ut_am_wrap_69fa18864712f { text-align: center !important; } }@media (max-width: 767px) { #ut_am_wrap_69fa18864712f { text-align: center !important; } }<\/style><div id=\"ut_am_wrap_69fa18864712f\" class=\"ut-image-gallery-image  ut-reveal-fx ut-element-with-block-reveal\"><div id=\"ut_reveal_69fa188647130\" data-reveal-bgcolor=\"\" data-reveal-direction=\"tb\" data-reveal-duration=\"750\" data-reveal-delay=\"500\" data-appear-top-offset=\"auto\" class=\"ut-animated-image-item ut-image-gallery-item ut-animation-done ut-reveal-fx-element ut-block-reveal-hide\"><a target=\"_self\" href=\"\/es\/grafiki\/\" ><div class=\"ut-animated-image-zoom\"><img loading=\"lazy\" decoding=\"async\" class=\"ut-lazy skip-lazy ut-animated-image\"  id=\"ut_am_69fa18864712e\" src=\"data:image\/svg+xml;charset=utf-8,%3Csvg xmlns%3D'http%3A%2F%2Fwww.w3.org%2F2000%2Fsvg' viewBox%3D'0 0 852 1374'%2F%3E\" data-src=\"https:\/\/www.flamazing.net\/wp-content\/uploads\/flamazing-uslugi-12-852x1374.jpg\" width=\"852\" height=\"1374\" alt=\"\"\/><\/div><div data-image-caption class=\"ut-image-gallery-image-caption-style-2\"><div class=\"ut-image-gallery-item-caption-title-style-2\"><h3>Gr\u00e1ficos<\/h3><\/div><\/div><\/a><\/div><\/div><\/div>\r\n<style type=\"text\/css\">\r\n\r\n    \r\n    #ut-empty-space-69fa1886471b7 {\r\n        height: 20px    }\r\n\r\n    \r\n        @media (min-width: 768px) and (max-width: 1200px) {\r\n        #ut-empty-space-69fa1886471b7 {\r\n        height: 20px;\r\n        display: block;\r\n    }\r\n    }\r\n    \r\n    \r\n    @media (max-width: 767px) {\r\n        #ut-empty-space-69fa1886471b7 {\r\n        height: 20px;\r\n        display: block;\r\n    }\r\n    }\r\n\r\n    \r\n<\/style>\r\n\r\n<div class=\"vc_empty_space\" id=\"ut-empty-space-69fa1886471b7\"><span class=\"vc_empty_space_inner\"><\/span><\/div><\/div><\/div><style type=\"text\/css\">#ut_inner_column_69fa188646d0d{margin-top: 80px !important;}<\/style><\/div><div class=\"wpb_column vc_column_container vc_col-sm-4\" ><div id=\"ut_inner_column_69fa1886472aa\" class=\"vc_column-inner\" ><div class=\"wpb_wrapper\"><style type=\"text\/css\">#ut_custom_heading69fa188647429 { color:rgba(255, 255, 255, 0.5); }#ut_custom_heading69fa188647429 { font-family: \"Poppins\";font-weight:500;font-style:italic; }#ut_custom_heading69fa188647429{ font-size: 14px }#ut_custom_heading69fa188647429{ line-height: 100% }#ut_custom_heading69fa188647429 { text-align:left; }@media (min-width: 768px) and (max-width: 1024px) { #ut_custom_heading69fa188647429 { text-align:left; } }@media (max-width: 767px) { #ut_custom_heading69fa188647429 { text-align:left; } }<\/style><div id=\"ut_custom_heading69fa188647429\" data-responsive-font=\"div\" data-responsive-font-settings=\"{&quot;base-font-size&quot;:&quot;14&quot;,&quot;base-line-height&quot;:&quot;100&quot;}\" class=\"ut-custom-heading-module  ut-animate-element animated ut-no-animation-tablet ut-no-animation-mobile  vc_custom_1590404491684\" data-effect=\"fadeIn\" data-animateonce=\"yes\" data-delay=\"700\"><span class=\"\" >0 \/ 3<\/span><\/div><div  class=\"wpb_content_element   clearfix\"><style type=\"text\/css\">#ut_am_69fa1886476a3 { opacity: 1; }#ut_am_wrap_69fa1886476a4 .ut-image-gallery-item-caption-title h3 { color: #ffffff; }#ut_am_wrap_69fa1886476a4 .ut-image-gallery-item-caption-title-style-2 h3 { color: #ffffff; }#ut_am_wrap_69fa1886476a4 .ut-image-gallery-item.ut-animation-done:hover .ut-image-gallery-image-caption, #ut_am_wrap_69fa1886476a4 .ut-image-gallery-item.ut-element-is-animating:hover .ut-image-gallery-image-caption { background: #000000; }#ut_am_wrap_69fa1886476a4 .ut-image-gallery-item .ut-image-gallery-image-caption-style-2 { background: #000000; }@media (min-width: 768px) { #ut_am_wrap_69fa1886476a4 .ut-animated-image-item a { padding-right: 40px; } }@media (min-width: 768px) { #ut_am_wrap_69fa1886476a4 .ut-box-shadow-container { margin-right: 40px; } }#ut_am_wrap_69fa1886476a4 .ut-animated-image-zoom::after { background: url(https:\/\/www.flamazing.net\/wp-content\/uploads\/flamazing-uslugi-13-852x1374.jpg); }#ut_am_wrap_69fa1886476a4 .ut-image-gallery-item-caption-title-style-2 h3 { font-weight: 500; }#ut_am_wrap_69fa1886476a4 .ut-image-gallery-item-caption-title-style-2 h3 { line-height: 150%; }#ut_am_wrap_69fa1886476a4 .ut-image-gallery-item-caption-title-style-2 h3 { letter-spacing: -0.03em; }#ut_am_wrap_69fa1886476a4 .ut-image-gallery-item-caption-title-style-2 h3 { font-size: 16px; }#ut_am_wrap_69fa1886476a4 .ut-gallery-slider-caption { font-weight: bold; }#ut_am_wrap_69fa1886476a4 { text-align: center; }@media (min-width: 768px) and (max-width: 1024px) { #ut_am_wrap_69fa1886476a4 { text-align: center !important; } }@media (max-width: 767px) { #ut_am_wrap_69fa1886476a4 { text-align: center !important; } }<\/style><div id=\"ut_am_wrap_69fa1886476a4\" class=\"ut-image-gallery-image  ut-reveal-fx ut-element-with-block-reveal\"><div id=\"ut_reveal_69fa1886476a5\" data-reveal-bgcolor=\"\" data-reveal-direction=\"rl\" data-reveal-duration=\"750\" data-reveal-delay=\"750\" data-appear-top-offset=\"auto\" class=\"ut-animated-image-item ut-image-gallery-item ut-animation-done ut-reveal-fx-element ut-block-reveal-hide\"><a target=\"_self\" href=\"\/es\/klipove\/\" ><div class=\"ut-animated-image-zoom\"><img loading=\"lazy\" decoding=\"async\" class=\"ut-lazy skip-lazy ut-animated-image\"  id=\"ut_am_69fa1886476a3\" src=\"data:image\/svg+xml;charset=utf-8,%3Csvg xmlns%3D'http%3A%2F%2Fwww.w3.org%2F2000%2Fsvg' viewBox%3D'0 0 852 1374'%2F%3E\" data-src=\"https:\/\/www.flamazing.net\/wp-content\/uploads\/flamazing-uslugi-13-852x1374.jpg\" width=\"852\" height=\"1374\" alt=\"\"\/><\/div><div data-image-caption class=\"ut-image-gallery-image-caption-style-2\"><div class=\"ut-image-gallery-item-caption-title-style-2\"><h3>V\u00eddeos<\/h3><\/div><\/div><\/a><\/div><\/div><\/div>\r\n<style type=\"text\/css\">\r\n\r\n    \r\n    #ut-empty-space-69fa18864771e {\r\n        height: 20px    }\r\n\r\n    \r\n        @media (min-width: 768px) and (max-width: 1200px) {\r\n        #ut-empty-space-69fa18864771e {\r\n        height: 20px;\r\n        display: block;\r\n    }\r\n    }\r\n    \r\n    \r\n    @media (max-width: 767px) {\r\n        #ut-empty-space-69fa18864771e {\r\n        height: 20px;\r\n        display: block;\r\n    }\r\n    }\r\n\r\n    \r\n<\/style>\r\n\r\n<div class=\"vc_empty_space\" id=\"ut-empty-space-69fa18864771e\"><span class=\"vc_empty_space_inner\"><\/span><\/div><\/div><\/div><style type=\"text\/css\">#ut_inner_column_69fa1886472aa{margin-top: 160px !important;}<\/style><\/div><\/div><div class=\"vc_row-full-width vc_clearfix\"><\/div><a data-id=\"section-without-id\" class=\"ut-vc-offset-anchor-bottom\" name=\"section-without-id\"><\/a><style type=\"text\/css\">#ut-section-69fa188645f8c{background-color: #191c20 !important;} <\/style><\/section><div class=\"vc_row-full-width vc_clearfix\"><\/div><section id=\"ut-section-69fa188647d5d\" data-vc-full-width=\"true\" data-vc-full-width-init=\"false\" data-cursor-skin=\"global\" class=\"vc_section ut-vc-160 vc_section-has-no-fill ut-section-69fa188647d62\"><div id=\"ut-row-69fa188648035\" data-vc-full-width=\"true\" data-vc-full-width-init=\"false\" class=\"vc_row wpb_row vc_row-fluid vc_column-gap-0 ut-row-69fa18864803b\" ><div class=\"wpb_column vc_column_container vc_col-sm-12 vc_col-lg-offset-3 vc_col-lg-6\" ><div id=\"ut_inner_column_69fa18864839e\" class=\"vc_column-inner\" ><div class=\"wpb_wrapper\"><div class=\"wpb_content_element\"><style type=\"text\/css\">#ut_p_quote_69fa1886484cd .ut-parallax-icon-wrap { margin: 0 auto 20px auto; }@media (min-width: 768px) and (max-width: 1024px) {#ut_p_quote_69fa1886484cd { text-align: center; }#ut_p_quote_69fa1886484cd .ut-parallax-icon-wrap { margin: 0 auto 20px auto; }}@media (max-width: 767px) {#ut_p_quote_69fa1886484cd { text-align: center; }#ut_p_quote_69fa1886484cd .ut-parallax-icon-wrap { margin: 0 auto 20px auto; }}#ut_p_quote_69fa1886484cd .ut-parallax-icon { color: #ffffff; }#ut_p_quote_69fa1886484cd blockquote { color: #ffffff; }#ut_p_quote_69fa1886484cd blockquote{ font-size: 60px }#ut_p_quote_69fa1886484cd blockquote { line-height: 70px; }#ut_p_quote_69fa1886484cd .ut-parallax-quote-name { font-family:Permanent Marker;font-weight:400;font-style:normal }#ut_p_quote_69fa1886484cd .ut-parallax-quote-name { font-size: 20px; }#ut_p_quote_69fa1886484cd .ut-parallax-quote-name { color: #ffffff; }#ut_p_quote_69fa1886484cd .ut-parallax-quote-name-wrap { margin-top: 20px; }#ut_p_quote_69fa1886484cd .ut-parallax-quote-name { margin-top: 0; }<\/style><div id=\"ut_p_quote_69fa1886484cd\" data-revealfx-color=\"rgba(242, 109, 99, 1)\" class=\"ut-parallax-quote ut-parallax-quote-align-center ut-parallax-quote-tablet-align-center ut-parallax-quote-mobile-align-center\"><div class=\"ut-parallax-icon-wrap ut-parallax-icon-wrap-align-center ut-parallax-icon-wrap-tablet-align-center ut-parallax-icon-wrap-mobile-align-center\"><div class=\"ut-parallax-icon\"><i class=\"fa fa fa-quote-right\"><\/i><\/div><\/div><blockquote data-responsive-font=\"blockquote\" data-responsive-font-settings=\"{&quot;base-font-size&quot;:&quot;60&quot;}\" data-appear-top-offset=\"-200\" id=\"ut_reveal_69fa1886484cb\" class=\"ut-parallax-quote-title ut-no-parallax-quote-linebreak-tablet ut-no-parallax-quote-linebreak-mobile element-with-custom-line-height\">La pasi\u00f3n siempre<br \/>\nconduce al \u00e9xito<\/blockquote><br \/><div class=\"ut-parallax-quote-name-wrap\"><span class=\"ut-parallax-quote-name\">Flamazing<\/span><\/div><\/div><\/div><\/div><\/div><\/div><\/div><div class=\"vc_row-full-width vc_clearfix\"><\/div><a data-id=\"section-without-id\" class=\"ut-vc-offset-anchor-bottom\" name=\"section-without-id\"><\/a><\/section><div class=\"vc_row-full-width vc_clearfix\"><\/div>\n<\/div>\n<\/div>","protected":false},"excerpt":{"rendered":"\u041a\u0440\u0430\u0441\u0438\u0432\u0438\u0442\u0435 \u0433\u0440\u0430\u0444\u0438\u043a\u0438 \u0441\u0430 \u0437\u0430\u0434\u044a\u043b\u0436\u0438\u0442\u0435\u043b\u043d\u0438 \u0437\u0430 \u043e\u043d\u043b\u0430\u0439\u043d \u043f\u0440\u0438\u0441\u044a\u0441\u0442\u0432\u0438\u0435\u0442\u043e \u043d\u0430 \u0432\u0430\u0448\u0438\u044f \u0431\u0440\u0430\u043d\u0434, \u0430 \u0440\u0430\u0437\u043b\u0438\u0447\u043d\u0438\u0442\u0435 \u0432\u0438\u0434\u043e\u0432\u0435 \u0438 \u043a\u043e\u043c\u0431\u0438\u043d\u0438\u0440\u0430\u043d\u0435\u0442\u043e \u0438\u043c \u0449\u0435 \u0434\u0430\u0434\u0430\u0442 \u0437\u0430\u0432\u044a\u0440\u0448\u0435\u043d\u043e\u0441\u0442 \u043d\u0430 \u043e\u043d\u043b\u0430\u0439\u043d \u0438\u043c\u0438\u0434\u0436\u0430 \u043d\u0430 \u0431\u0438\u0437\u043d\u0435\u0441\u0430 \u0432\u0438. \u0422\u0440\u044f\u0431\u0432\u0430\u0442 \u0432\u0438 \u043f\u0440\u043e\u0444\u0435\u0441\u0438\u043e\u043d\u0430\u043b\u043d\u043e \u0438\u0437\u0433\u043b\u0435\u0436\u0434\u0430\u0449\u0438 \u043b\u043e\u0433\u0430, \u0431\u0430\u043d\u0435\u0440\u0438, \u0430\u043d\u0438\u043c\u0430\u0446\u0438\u0438 \u0438\u043b\u0438 \u043d\u0435\u0449\u043e \u0434\u0440\u0443\u0433\u043e, \u043a\u043e\u0435\u0442\u043e \u043c\u043e\u0436\u0435 \u0434\u0430 \u0441\u0435 \u043f\u0440\u0435\u0434\u0441\u0442\u0430\u0432\u0438 \u0433\u0440\u0430\u0444\u0438\u0447\u043d\u043e. \u041d\u0438\u0435 \u043f\u0440\u0430\u0432\u0438\u043c \u0442\u043e\u0447\u043d\u043e \u0442\u043e\u0432\u0430. 0 \/ 1\u0421\u043d\u0438\u043c\u043a\u0438 0 \/ 2\u0413\u0440\u0430\u0444\u0438\u043a\u0438 0 \/ 3\u041a\u043b\u0438\u043f\u043e\u0432\u0435 \u0421\u0442\u0440\u0430\u0441\u0442\u0442\u0430 [...]","protected":false},"author":1,"featured_media":8637,"parent":0,"menu_order":0,"comment_status":"closed","ping_status":"closed","template":"","meta":{"footnotes":""},"class_list":["post-8653","page","type-page","status-publish","has-post-thumbnail","hentry"],"_links":{"self":[{"href":"https:\/\/www.flamazing.net\/es\/wp-json\/wp\/v2\/pages\/8653","targetHints":{"allow":["GET"]}}],"collection":[{"href":"https:\/\/www.flamazing.net\/es\/wp-json\/wp\/v2\/pages"}],"about":[{"href":"https:\/\/www.flamazing.net\/es\/wp-json\/wp\/v2\/types\/page"}],"author":[{"embeddable":true,"href":"https:\/\/www.flamazing.net\/es\/wp-json\/wp\/v2\/users\/1"}],"replies":[{"embeddable":true,"href":"https:\/\/www.flamazing.net\/es\/wp-json\/wp\/v2\/comments?post=8653"}],"version-history":[{"count":0,"href":"https:\/\/www.flamazing.net\/es\/wp-json\/wp\/v2\/pages\/8653\/revisions"}],"wp:featuredmedia":[{"embeddable":true,"href":"https:\/\/www.flamazing.net\/es\/wp-json\/wp\/v2\/media\/8637"}],"wp:attachment":[{"href":"https:\/\/www.flamazing.net\/es\/wp-json\/wp\/v2\/media?parent=8653"}],"curies":[{"name":"wp","href":"https:\/\/api.w.org\/{rel}","templated":true}]}}