{"id":8654,"date":"2020-03-31T15:42:00","date_gmt":"2020-03-31T13:42:00","guid":{"rendered":"https:\/\/www.flamazing.net\/?page_id=8654"},"modified":"2020-12-27T11:51:23","modified_gmt":"2020-12-27T09:51:23","slug":"klipove","status":"publish","type":"page","link":"https:\/\/www.flamazing.net\/es\/klipove\/","title":{"rendered":"V\u00eddeos"},"content":{"rendered":"<div class=\"wpb-content-wrapper\"><section id=\"ut-section-69fa14ec4b7c8\" data-vc-full-width=\"true\" data-vc-full-width-init=\"false\" data-cursor-skin=\"global\" class=\"vc_section ut-vc-160 vc_section-has-no-fill ut-section-69fa14ec4b7d0\"><div id=\"ut-row-69fa14ec4bb6f\" data-vc-full-width=\"true\" data-vc-full-width-init=\"false\" class=\"vc_row wpb_row vc_row-fluid vc_column-gap-0 ut-row-69fa14ec4bb75\" ><div class=\"wpb_column vc_column_container vc_col-sm-12 vc_col-lg-offset-3 vc_col-lg-6 ut-animate-element animated ut-no-animation-tablet ut-no-animation-mobile\" data-effect=\"fadeIn\" data-animateonce=\"yes\" data-delay=\"200\" data-animation-duration=\"1s\"><div id=\"ut_inner_column_69fa14ec4c073\" class=\"vc_column-inner\" ><div class=\"wpb_wrapper\"><style type=\"text\/css\">#ut_custom_heading69fa14ec4c109 { text-align:left; }@media (min-width: 768px) and (max-width: 1024px) { #ut_custom_heading69fa14ec4c109 { text-align:left; } }@media (max-width: 767px) { #ut_custom_heading69fa14ec4c109 { text-align:left; } }<\/style><p id=\"ut_custom_heading69fa14ec4c109\" data-responsive-font=\"p\" class=\"ut-custom-heading-module\" ><span class=\"\" >Los v\u00eddeos bien hechos son la forma m\u00e1s f\u00e1cil de captar la atenci\u00f3n de un usuario. Su objetivo puede ser inspirar, desafiar, impactar o simplemente informar. Pero para lograr ese objetivo, deben estar ejecutados con profesionalidad.<\/p>\n<p><strong>Eso es lo que hacemos.<\/strong><\/span><\/p>\r\n<style type=\"text\/css\">\r\n\r\n    \r\n    #ut-empty-space-69fa14ec4e21a {\r\n        height: 50px    }\r\n\r\n    \r\n        @media (min-width: 768px) and (max-width: 1200px) {\r\n        #ut-empty-space-69fa14ec4e21a {\r\n        height: 50px;\r\n        display: block;\r\n    }\r\n    }\r\n    \r\n    \r\n    @media (max-width: 767px) {\r\n        #ut-empty-space-69fa14ec4e21a {\r\n        height: 50px;\r\n        display: block;\r\n    }\r\n    }\r\n\r\n    \r\n<\/style>\r\n\r\n<div class=\"vc_empty_space\" id=\"ut-empty-space-69fa14ec4e21a\"><span class=\"vc_empty_space_inner\"><\/span><\/div><\/div><\/div><\/div><\/div><div class=\"vc_row-full-width vc_clearfix\"><\/div><a data-id=\"section-without-id\" class=\"ut-vc-offset-anchor-bottom\" name=\"section-without-id\"><\/a><\/section><div class=\"vc_row-full-width vc_clearfix\"><\/div><style>.vc_custom_1571160785757{background-color: #191c20 !important;}.vc_custom_1570061229742{margin-top: 80px !important;}.vc_custom_1570061259532{margin-top: 160px !important;}.vc_custom_1590341002166{margin-bottom: 10px !important;}.vc_custom_1590404484171{margin-bottom: 10px !important;}.vc_custom_1590404491684{margin-bottom: 10px !important;}<\/style><div class=\"wpb-content-wrapper\"><section id=\"ut-section-69fa14ec4eaf6\" data-section-title=\"Image Sizes: 852px X 1374px\" data-vc-full-width=\"true\" data-vc-full-width-init=\"false\" data-cursor-skin=\"global\" class=\"vc_section ut-vc-160 vc_section-has-fill vc_section-o-content-middle vc_section-flex ut-section-69fa14ec4eafd\"><div id=\"ut-row-69fa14ec4ef1e\" data-vc-full-width=\"true\" data-vc-full-width-init=\"false\" class=\"vc_row wpb_row vc_row-fluid vc_column-gap-0 ut-row-69fa14ec4ef24\" ><div class=\"wpb_column vc_column_container vc_col-sm-4\" ><div id=\"ut_inner_column_69fa14ec4f204\" class=\"vc_column-inner\" ><div class=\"wpb_wrapper\"><style type=\"text\/css\">#ut_custom_heading69fa14ec4f430 { color:rgba(255, 255, 255, 0.5); }#ut_custom_heading69fa14ec4f430 { font-family: \"Poppins\";font-weight:500;font-style:italic; }#ut_custom_heading69fa14ec4f430{ font-size: 14px }#ut_custom_heading69fa14ec4f430{ line-height: 100% }#ut_custom_heading69fa14ec4f430 { text-align:left; }@media (min-width: 768px) and (max-width: 1024px) { #ut_custom_heading69fa14ec4f430 { text-align:left; } }@media (max-width: 767px) { #ut_custom_heading69fa14ec4f430 { text-align:left; } }<\/style><div id=\"ut_custom_heading69fa14ec4f430\" data-responsive-font=\"div\" data-responsive-font-settings=\"{&quot;base-font-size&quot;:&quot;14&quot;,&quot;base-line-height&quot;:&quot;100&quot;}\" class=\"ut-custom-heading-module  ut-animate-element animated ut-no-animation-tablet ut-no-animation-mobile  vc_custom_1590341002166\" data-effect=\"fadeIn\" data-animateonce=\"yes\" data-delay=\"200\"><span class=\"\" >0 \/ 1<\/span><\/div><div  class=\"wpb_content_element   clearfix\"><style type=\"text\/css\">#ut_am_69fa14ec4f926 { opacity: 1; }#ut_am_wrap_69fa14ec4f927 .ut-image-gallery-item-caption-title h3 { color: #ffffff; }#ut_am_wrap_69fa14ec4f927 .ut-image-gallery-item-caption-title-style-2 h3 { color: #ffffff; }#ut_am_wrap_69fa14ec4f927 .ut-image-gallery-item.ut-animation-done:hover .ut-image-gallery-image-caption, #ut_am_wrap_69fa14ec4f927 .ut-image-gallery-item.ut-element-is-animating:hover .ut-image-gallery-image-caption { background: #000000; }#ut_am_wrap_69fa14ec4f927 .ut-image-gallery-item .ut-image-gallery-image-caption-style-2 { background: #000000; }@media (min-width: 768px) { #ut_am_wrap_69fa14ec4f927 .ut-animated-image-item a { padding-right: 40px; } }@media (min-width: 768px) { #ut_am_wrap_69fa14ec4f927 .ut-box-shadow-container { margin-right: 40px; } }#ut_am_wrap_69fa14ec4f927 .ut-animated-image-zoom::after { background: url(https:\/\/www.flamazing.net\/wp-content\/uploads\/flamazing-uslugi-11-852x1374.jpg); }#ut_am_wrap_69fa14ec4f927 .ut-image-gallery-item-caption-title-style-2 h3 { font-weight: 500; }#ut_am_wrap_69fa14ec4f927 .ut-image-gallery-item-caption-title-style-2 h3 { line-height: 150%; }#ut_am_wrap_69fa14ec4f927 .ut-image-gallery-item-caption-title-style-2 h3 { letter-spacing: -0.03em; }#ut_am_wrap_69fa14ec4f927 .ut-image-gallery-item-caption-title-style-2 h3 { font-size: 16px; }#ut_am_wrap_69fa14ec4f927 .ut-gallery-slider-caption { font-weight: bold; }#ut_am_wrap_69fa14ec4f927 { text-align: center; }@media (min-width: 768px) and (max-width: 1024px) { #ut_am_wrap_69fa14ec4f927 { text-align: center !important; } }@media (max-width: 767px) { #ut_am_wrap_69fa14ec4f927 { text-align: center !important; } }<\/style><div id=\"ut_am_wrap_69fa14ec4f927\" class=\"ut-image-gallery-image  ut-reveal-fx ut-element-with-block-reveal\"><div id=\"ut_reveal_69fa14ec4f928\" data-reveal-bgcolor=\"\" data-reveal-direction=\"lr\" data-reveal-duration=\"750\" data-reveal-delay=\"250\" data-appear-top-offset=\"auto\" class=\"ut-animated-image-item ut-image-gallery-item ut-animation-done ut-reveal-fx-element ut-block-reveal-hide\"><a target=\"_self\" href=\"\/es\/snimki\/\" ><div class=\"ut-animated-image-zoom\"><img loading=\"lazy\" decoding=\"async\" class=\"ut-lazy skip-lazy ut-animated-image\"  id=\"ut_am_69fa14ec4f926\" src=\"data:image\/svg+xml;charset=utf-8,%3Csvg xmlns%3D'http%3A%2F%2Fwww.w3.org%2F2000%2Fsvg' viewBox%3D'0 0 852 1374'%2F%3E\" data-src=\"https:\/\/www.flamazing.net\/wp-content\/uploads\/flamazing-uslugi-11-852x1374.jpg\" width=\"852\" height=\"1374\" alt=\"\"\/><\/div><div data-image-caption class=\"ut-image-gallery-image-caption-style-2\"><div class=\"ut-image-gallery-item-caption-title-style-2\"><h3>Fotos<\/h3><\/div><\/div><\/a><\/div><\/div><\/div>\r\n<style type=\"text\/css\">\r\n\r\n    \r\n    #ut-empty-space-69fa14ec4f9c4 {\r\n        height: 20px    }\r\n\r\n    \r\n        @media (min-width: 768px) and (max-width: 1200px) {\r\n        #ut-empty-space-69fa14ec4f9c4 {\r\n        height: 20px;\r\n        display: block;\r\n    }\r\n    }\r\n    \r\n    \r\n    @media (max-width: 767px) {\r\n        #ut-empty-space-69fa14ec4f9c4 {\r\n        height: 20px;\r\n        display: block;\r\n    }\r\n    }\r\n\r\n    \r\n<\/style>\r\n\r\n<div class=\"vc_empty_space\" id=\"ut-empty-space-69fa14ec4f9c4\"><span class=\"vc_empty_space_inner\"><\/span><\/div><\/div><\/div><\/div><div class=\"wpb_column vc_column_container vc_col-sm-4\" ><div id=\"ut_inner_column_69fa14ec4face\" class=\"vc_column-inner\" ><div class=\"wpb_wrapper\"><style type=\"text\/css\">#ut_custom_heading69fa14ec4fc3b { color:rgba(255, 255, 255, 0.5); }#ut_custom_heading69fa14ec4fc3b { font-family: \"Poppins\";font-weight:500;font-style:italic; }#ut_custom_heading69fa14ec4fc3b{ font-size: 14px }#ut_custom_heading69fa14ec4fc3b{ line-height: 100% }#ut_custom_heading69fa14ec4fc3b { text-align:left; }@media (min-width: 768px) and (max-width: 1024px) { #ut_custom_heading69fa14ec4fc3b { text-align:left; } }@media (max-width: 767px) { #ut_custom_heading69fa14ec4fc3b { text-align:left; } }<\/style><div id=\"ut_custom_heading69fa14ec4fc3b\" data-responsive-font=\"div\" data-responsive-font-settings=\"{&quot;base-font-size&quot;:&quot;14&quot;,&quot;base-line-height&quot;:&quot;100&quot;}\" class=\"ut-custom-heading-module  ut-animate-element animated ut-no-animation-tablet ut-no-animation-mobile  vc_custom_1590404484171\" data-effect=\"fadeIn\" data-animateonce=\"yes\" data-delay=\"450\"><span class=\"\" >0 \/ 2<\/span><\/div><div  class=\"wpb_content_element   clearfix\"><style type=\"text\/css\">#ut_am_69fa14ec4feda { opacity: 1; }#ut_am_wrap_69fa14ec4fedb .ut-image-gallery-item-caption-title h3 { color: #ffffff; }#ut_am_wrap_69fa14ec4fedb .ut-image-gallery-item-caption-title-style-2 h3 { color: #ffffff; }#ut_am_wrap_69fa14ec4fedb .ut-image-gallery-item.ut-animation-done:hover .ut-image-gallery-image-caption, #ut_am_wrap_69fa14ec4fedb .ut-image-gallery-item.ut-element-is-animating:hover .ut-image-gallery-image-caption { background: #000000; }#ut_am_wrap_69fa14ec4fedb .ut-image-gallery-item .ut-image-gallery-image-caption-style-2 { background: #000000; }@media (min-width: 768px) { #ut_am_wrap_69fa14ec4fedb .ut-animated-image-item a { padding-right: 40px; } }@media (min-width: 768px) { #ut_am_wrap_69fa14ec4fedb .ut-box-shadow-container { margin-right: 40px; } }#ut_am_wrap_69fa14ec4fedb .ut-animated-image-zoom::after { background: url(https:\/\/www.flamazing.net\/wp-content\/uploads\/flamazing-uslugi-12-852x1374.jpg); }#ut_am_wrap_69fa14ec4fedb .ut-image-gallery-item-caption-title-style-2 h3 { font-weight: 500; }#ut_am_wrap_69fa14ec4fedb .ut-image-gallery-item-caption-title-style-2 h3 { line-height: 150%; }#ut_am_wrap_69fa14ec4fedb .ut-image-gallery-item-caption-title-style-2 h3 { letter-spacing: -0.03em; }#ut_am_wrap_69fa14ec4fedb .ut-image-gallery-item-caption-title-style-2 h3 { font-size: 16px; }#ut_am_wrap_69fa14ec4fedb .ut-gallery-slider-caption { font-weight: bold; }#ut_am_wrap_69fa14ec4fedb { text-align: center; }@media (min-width: 768px) and (max-width: 1024px) { #ut_am_wrap_69fa14ec4fedb { text-align: center !important; } }@media (max-width: 767px) { #ut_am_wrap_69fa14ec4fedb { text-align: center !important; } }<\/style><div id=\"ut_am_wrap_69fa14ec4fedb\" class=\"ut-image-gallery-image  ut-reveal-fx ut-element-with-block-reveal\"><div id=\"ut_reveal_69fa14ec4fedc\" data-reveal-bgcolor=\"\" data-reveal-direction=\"tb\" data-reveal-duration=\"750\" data-reveal-delay=\"500\" data-appear-top-offset=\"auto\" class=\"ut-animated-image-item ut-image-gallery-item ut-animation-done ut-reveal-fx-element ut-block-reveal-hide\"><a target=\"_self\" href=\"\/es\/grafiki\/\" ><div class=\"ut-animated-image-zoom\"><img loading=\"lazy\" decoding=\"async\" class=\"ut-lazy skip-lazy ut-animated-image\"  id=\"ut_am_69fa14ec4feda\" src=\"data:image\/svg+xml;charset=utf-8,%3Csvg xmlns%3D'http%3A%2F%2Fwww.w3.org%2F2000%2Fsvg' viewBox%3D'0 0 852 1374'%2F%3E\" data-src=\"https:\/\/www.flamazing.net\/wp-content\/uploads\/flamazing-uslugi-12-852x1374.jpg\" width=\"852\" height=\"1374\" alt=\"\"\/><\/div><div data-image-caption class=\"ut-image-gallery-image-caption-style-2\"><div class=\"ut-image-gallery-item-caption-title-style-2\"><h3>Gr\u00e1ficos<\/h3><\/div><\/div><\/a><\/div><\/div><\/div>\r\n<style type=\"text\/css\">\r\n\r\n    \r\n    #ut-empty-space-69fa14ec4ff56 {\r\n        height: 20px    }\r\n\r\n    \r\n        @media (min-width: 768px) and (max-width: 1200px) {\r\n        #ut-empty-space-69fa14ec4ff56 {\r\n        height: 20px;\r\n        display: block;\r\n    }\r\n    }\r\n    \r\n    \r\n    @media (max-width: 767px) {\r\n        #ut-empty-space-69fa14ec4ff56 {\r\n        height: 20px;\r\n        display: block;\r\n    }\r\n    }\r\n\r\n    \r\n<\/style>\r\n\r\n<div class=\"vc_empty_space\" id=\"ut-empty-space-69fa14ec4ff56\"><span class=\"vc_empty_space_inner\"><\/span><\/div><\/div><\/div><style type=\"text\/css\">#ut_inner_column_69fa14ec4face{margin-top: 80px !important;}<\/style><\/div><div class=\"wpb_column vc_column_container vc_col-sm-4\" ><div id=\"ut_inner_column_69fa14ec5006e\" class=\"vc_column-inner\" ><div class=\"wpb_wrapper\"><style type=\"text\/css\">#ut_custom_heading69fa14ec501e6 { color:rgba(255, 255, 255, 0.5); }#ut_custom_heading69fa14ec501e6 { font-family: \"Poppins\";font-weight:500;font-style:italic; }#ut_custom_heading69fa14ec501e6{ font-size: 14px }#ut_custom_heading69fa14ec501e6{ line-height: 100% }#ut_custom_heading69fa14ec501e6 { text-align:left; }@media (min-width: 768px) and (max-width: 1024px) { #ut_custom_heading69fa14ec501e6 { text-align:left; } }@media (max-width: 767px) { #ut_custom_heading69fa14ec501e6 { text-align:left; } }<\/style><div id=\"ut_custom_heading69fa14ec501e6\" data-responsive-font=\"div\" data-responsive-font-settings=\"{&quot;base-font-size&quot;:&quot;14&quot;,&quot;base-line-height&quot;:&quot;100&quot;}\" class=\"ut-custom-heading-module  ut-animate-element animated ut-no-animation-tablet ut-no-animation-mobile  vc_custom_1590404491684\" data-effect=\"fadeIn\" data-animateonce=\"yes\" data-delay=\"700\"><span class=\"\" >0 \/ 3<\/span><\/div><div  class=\"wpb_content_element   clearfix\"><style type=\"text\/css\">#ut_am_69fa14ec5045e { opacity: 1; }#ut_am_wrap_69fa14ec5045f .ut-image-gallery-item-caption-title h3 { color: #ffffff; }#ut_am_wrap_69fa14ec5045f .ut-image-gallery-item-caption-title-style-2 h3 { color: #ffffff; }#ut_am_wrap_69fa14ec5045f .ut-image-gallery-item.ut-animation-done:hover .ut-image-gallery-image-caption, #ut_am_wrap_69fa14ec5045f .ut-image-gallery-item.ut-element-is-animating:hover .ut-image-gallery-image-caption { background: #000000; }#ut_am_wrap_69fa14ec5045f .ut-image-gallery-item .ut-image-gallery-image-caption-style-2 { background: #000000; }@media (min-width: 768px) { #ut_am_wrap_69fa14ec5045f .ut-animated-image-item a { padding-right: 40px; } }@media (min-width: 768px) { #ut_am_wrap_69fa14ec5045f .ut-box-shadow-container { margin-right: 40px; } }#ut_am_wrap_69fa14ec5045f .ut-animated-image-zoom::after { background: url(https:\/\/www.flamazing.net\/wp-content\/uploads\/flamazing-uslugi-13-852x1374.jpg); }#ut_am_wrap_69fa14ec5045f .ut-image-gallery-item-caption-title-style-2 h3 { font-weight: 500; }#ut_am_wrap_69fa14ec5045f .ut-image-gallery-item-caption-title-style-2 h3 { line-height: 150%; }#ut_am_wrap_69fa14ec5045f .ut-image-gallery-item-caption-title-style-2 h3 { letter-spacing: -0.03em; }#ut_am_wrap_69fa14ec5045f .ut-image-gallery-item-caption-title-style-2 h3 { font-size: 16px; }#ut_am_wrap_69fa14ec5045f .ut-gallery-slider-caption { font-weight: bold; }#ut_am_wrap_69fa14ec5045f { text-align: center; }@media (min-width: 768px) and (max-width: 1024px) { #ut_am_wrap_69fa14ec5045f { text-align: center !important; } }@media (max-width: 767px) { #ut_am_wrap_69fa14ec5045f { text-align: center !important; } }<\/style><div id=\"ut_am_wrap_69fa14ec5045f\" class=\"ut-image-gallery-image  ut-reveal-fx ut-element-with-block-reveal\"><div id=\"ut_reveal_69fa14ec50460\" data-reveal-bgcolor=\"\" data-reveal-direction=\"rl\" data-reveal-duration=\"750\" data-reveal-delay=\"750\" data-appear-top-offset=\"auto\" class=\"ut-animated-image-item ut-image-gallery-item ut-animation-done ut-reveal-fx-element ut-block-reveal-hide\"><a target=\"_self\" href=\"\/es\/klipove\/\" ><div class=\"ut-animated-image-zoom\"><img loading=\"lazy\" decoding=\"async\" class=\"ut-lazy skip-lazy ut-animated-image\"  id=\"ut_am_69fa14ec5045e\" src=\"data:image\/svg+xml;charset=utf-8,%3Csvg xmlns%3D'http%3A%2F%2Fwww.w3.org%2F2000%2Fsvg' viewBox%3D'0 0 852 1374'%2F%3E\" data-src=\"https:\/\/www.flamazing.net\/wp-content\/uploads\/flamazing-uslugi-13-852x1374.jpg\" width=\"852\" height=\"1374\" alt=\"\"\/><\/div><div data-image-caption class=\"ut-image-gallery-image-caption-style-2\"><div class=\"ut-image-gallery-item-caption-title-style-2\"><h3>V\u00eddeos<\/h3><\/div><\/div><\/a><\/div><\/div><\/div>\r\n<style type=\"text\/css\">\r\n\r\n    \r\n    #ut-empty-space-69fa14ec504da {\r\n        height: 20px    }\r\n\r\n    \r\n        @media (min-width: 768px) and (max-width: 1200px) {\r\n        #ut-empty-space-69fa14ec504da {\r\n        height: 20px;\r\n        display: block;\r\n    }\r\n    }\r\n    \r\n    \r\n    @media (max-width: 767px) {\r\n        #ut-empty-space-69fa14ec504da {\r\n        height: 20px;\r\n        display: block;\r\n    }\r\n    }\r\n\r\n    \r\n<\/style>\r\n\r\n<div class=\"vc_empty_space\" id=\"ut-empty-space-69fa14ec504da\"><span class=\"vc_empty_space_inner\"><\/span><\/div><\/div><\/div><style type=\"text\/css\">#ut_inner_column_69fa14ec5006e{margin-top: 160px !important;}<\/style><\/div><\/div><div class=\"vc_row-full-width vc_clearfix\"><\/div><a data-id=\"section-without-id\" class=\"ut-vc-offset-anchor-bottom\" name=\"section-without-id\"><\/a><style type=\"text\/css\">#ut-section-69fa14ec4eaf6{background-color: #191c20 !important;} <\/style><\/section><div class=\"vc_row-full-width vc_clearfix\"><\/div><section id=\"ut-section-69fa14ec50b03\" data-vc-full-width=\"true\" data-vc-full-width-init=\"false\" data-cursor-skin=\"global\" class=\"vc_section ut-vc-160 vc_section-has-no-fill ut-section-69fa14ec50b07\"><div id=\"ut-row-69fa14ec50df4\" data-vc-full-width=\"true\" data-vc-full-width-init=\"false\" class=\"vc_row wpb_row vc_row-fluid vc_column-gap-0 ut-row-69fa14ec50dfa\" ><div class=\"wpb_column vc_column_container vc_col-sm-12 vc_col-lg-offset-3 vc_col-lg-6\" ><div id=\"ut_inner_column_69fa14ec51088\" class=\"vc_column-inner\" ><div class=\"wpb_wrapper\"><div class=\"wpb_content_element\"><style type=\"text\/css\">#ut_p_quote_69fa14ec511da .ut-parallax-icon-wrap { margin: 0 auto 20px auto; }@media (min-width: 768px) and (max-width: 1024px) {#ut_p_quote_69fa14ec511da { text-align: center; }#ut_p_quote_69fa14ec511da .ut-parallax-icon-wrap { margin: 0 auto 20px auto; }}@media (max-width: 767px) {#ut_p_quote_69fa14ec511da { text-align: center; }#ut_p_quote_69fa14ec511da .ut-parallax-icon-wrap { margin: 0 auto 20px auto; }}#ut_p_quote_69fa14ec511da .ut-parallax-icon { color: #ffffff; }#ut_p_quote_69fa14ec511da blockquote { color: #ffffff; }#ut_p_quote_69fa14ec511da blockquote{ font-size: 60px }#ut_p_quote_69fa14ec511da blockquote { line-height: 70px; }#ut_p_quote_69fa14ec511da .ut-parallax-quote-name { font-family:Permanent Marker;font-weight:400;font-style:normal }#ut_p_quote_69fa14ec511da .ut-parallax-quote-name { font-size: 20px; }#ut_p_quote_69fa14ec511da .ut-parallax-quote-name { color: #ffffff; }#ut_p_quote_69fa14ec511da .ut-parallax-quote-name-wrap { margin-top: 20px; }#ut_p_quote_69fa14ec511da .ut-parallax-quote-name { margin-top: 0; }<\/style><div id=\"ut_p_quote_69fa14ec511da\" data-revealfx-color=\"rgba(242, 109, 99, 1)\" class=\"ut-parallax-quote ut-parallax-quote-align-center ut-parallax-quote-tablet-align-center ut-parallax-quote-mobile-align-center\"><div class=\"ut-parallax-icon-wrap ut-parallax-icon-wrap-align-center ut-parallax-icon-wrap-tablet-align-center ut-parallax-icon-wrap-mobile-align-center\"><div class=\"ut-parallax-icon\"><i class=\"fa fa fa-quote-right\"><\/i><\/div><\/div><blockquote data-responsive-font=\"blockquote\" data-responsive-font-settings=\"{&quot;base-font-size&quot;:&quot;60&quot;}\" data-appear-top-offset=\"-200\" id=\"ut_reveal_69fa14ec511d9\" class=\"ut-parallax-quote-title ut-no-parallax-quote-linebreak-tablet ut-no-parallax-quote-linebreak-mobile element-with-custom-line-height\">La pasi\u00f3n siempre<br \/>\nconduce al \u00e9xito<\/blockquote><br \/><div class=\"ut-parallax-quote-name-wrap\"><span class=\"ut-parallax-quote-name\">Flamazing<\/span><\/div><\/div><\/div><\/div><\/div><\/div><\/div><div class=\"vc_row-full-width vc_clearfix\"><\/div><a data-id=\"section-without-id\" class=\"ut-vc-offset-anchor-bottom\" name=\"section-without-id\"><\/a><\/section><div class=\"vc_row-full-width vc_clearfix\"><\/div>\n<\/div>\n<\/div>","protected":false},"excerpt":{"rendered":"\u0414\u043e\u0431\u0440\u0435 \u043d\u0430\u043f\u0440\u0430\u0432\u0435\u043d\u0438\u0442\u0435 \u0432\u0438\u0434\u0435\u043e \u043a\u043b\u0438\u043f\u043e\u0432\u0435 \u0441\u0430 \u043d\u0430\u0439-\u043b\u0435\u0441\u043d\u0438\u044f\u0442 \u043d\u0430\u0447\u0438\u043d \u0434\u0430 \u043f\u0440\u0438\u0432\u043b\u0435\u0447\u0435\u0442\u0435 \u0432\u043d\u0438\u043c\u0430\u043d\u0438\u0435\u0442\u043e \u043d\u0430 \u043f\u043e\u0442\u0440\u0435\u0431\u0438\u0442\u0435\u043b\u044f. \u0426\u0435\u043b\u0442\u0430 \u0438\u043c \u043c\u043e\u0436\u0435 \u0434\u0430 \u0435 \u0434\u0430 \u0432\u0434\u044a\u0445\u043d\u043e\u0432\u044f\u0432\u0430\u0442, \u043f\u0440\u0435\u0434\u0438\u0437\u0432\u0438\u043a\u0432\u0430\u0442, \u0448\u043e\u043a\u0438\u0440\u0430\u0442 \u0438\u043b\u0438 \u043f\u0440\u043e\u0441\u0442\u043e \u0434\u0430 \u0438\u043d\u0444\u043e\u0440\u043c\u0438\u0440\u0430\u0442. \u041d\u043e \u0437\u0430 \u0434\u0430 \u043f\u043e\u0441\u0442\u0438\u0433\u043d\u0430\u0442 \u0442\u0430\u0437\u0438 \u0446\u0435\u043b, \u0442\u0435 \u0442\u0440\u044f\u0431\u0432\u0430 \u0434\u0430 \u0431\u044a\u0434\u0430\u0442 \u043f\u0440\u043e\u0444\u0435\u0441\u0438\u043e\u043d\u0430\u043b\u043d\u043e \u0438\u0437\u043f\u044a\u043b\u043d\u0435\u043d\u0438. \u041d\u0438\u0435 \u043f\u0440\u0430\u0432\u0438\u043c \u0442\u043e\u0447\u043d\u043e \u0442\u043e\u0432\u0430. 0 \/ 1\u0421\u043d\u0438\u043c\u043a\u0438 0 \/ 2\u0413\u0440\u0430\u0444\u0438\u043a\u0438 0 \/ 3\u041a\u043b\u0438\u043f\u043e\u0432\u0435 \u0421\u0442\u0440\u0430\u0441\u0442\u0442\u0430 \u0432\u0438\u043d\u0430\u0433\u0438 \u0432\u043e\u0434\u0438 \u0434\u043e \u0443\u0441\u043f\u0435\u0445Flamazing","protected":false},"author":1,"featured_media":8638,"parent":0,"menu_order":0,"comment_status":"closed","ping_status":"closed","template":"","meta":{"footnotes":""},"class_list":["post-8654","page","type-page","status-publish","has-post-thumbnail","hentry"],"_links":{"self":[{"href":"https:\/\/www.flamazing.net\/es\/wp-json\/wp\/v2\/pages\/8654","targetHints":{"allow":["GET"]}}],"collection":[{"href":"https:\/\/www.flamazing.net\/es\/wp-json\/wp\/v2\/pages"}],"about":[{"href":"https:\/\/www.flamazing.net\/es\/wp-json\/wp\/v2\/types\/page"}],"author":[{"embeddable":true,"href":"https:\/\/www.flamazing.net\/es\/wp-json\/wp\/v2\/users\/1"}],"replies":[{"embeddable":true,"href":"https:\/\/www.flamazing.net\/es\/wp-json\/wp\/v2\/comments?post=8654"}],"version-history":[{"count":0,"href":"https:\/\/www.flamazing.net\/es\/wp-json\/wp\/v2\/pages\/8654\/revisions"}],"wp:featuredmedia":[{"embeddable":true,"href":"https:\/\/www.flamazing.net\/es\/wp-json\/wp\/v2\/media\/8638"}],"wp:attachment":[{"href":"https:\/\/www.flamazing.net\/es\/wp-json\/wp\/v2\/media?parent=8654"}],"curies":[{"name":"wp","href":"https:\/\/api.w.org\/{rel}","templated":true}]}}