{"id":8818,"date":"2020-03-27T15:38:00","date_gmt":"2020-03-27T13:38:00","guid":{"rendered":"https:\/\/www.flamazing.net\/?page_id=8818"},"modified":"2020-12-23T18:11:38","modified_gmt":"2020-12-23T16:11:38","slug":"proekt","status":"publish","type":"page","link":"https:\/\/www.flamazing.net\/es\/proekt\/","title":{"rendered":"Proyecto"},"content":{"rendered":"<p>Nos complace informarle de que FLAMAZING Ltd. est\u00e1 ejecutando un proyecto en el marco del acuerdo de subvenci\u00f3n administrativa BG16RFOP002-2.024-1207, nombre del proyecto: \"Fomento del esp\u00edritu empresarial en FLAMAZING Ltd.\", procedimiento BG16RFOP002-2.024 \"Fomento del esp\u00edritu empresarial\", Programa Operativo \"Innovaci\u00f3n y Competitividad\" 2014-2020, cofinanciado por la Uni\u00f3n Europea a trav\u00e9s del Fondo Europeo de Desarrollo Regional.<\/p>\n<p>El coste total del proyecto es de 218116,15 BGN, de los cuales 148318,98 BGN de cofinanciaci\u00f3n europea y 26173,94 BGN de cofinanciaci\u00f3n nacional.<\/p>\n<p>BREVE DESCRIPCI\u00d3N DEL PROYECTO:<\/p>\n<p>Flaming Ltd es una empresa activa constituida en 2018 con domicilio social en .<\/p>\n<p>El objetivo principal de este proyecto es garantizar el desarrollo sostenible y competitivo de la empresa a trav\u00e9s de la implementaci\u00f3n en el mercado de una idea empresarial que entra dentro de los sectores relacionados con la superaci\u00f3n de los retos europeos y regionales, a saber: fotograf\u00eda comercial - fotograf\u00eda para publicidad, que entra como actividad econ\u00f3mica dentro del sector M 74.20 Actividades en el campo de la fotograf\u00eda.<\/p>\n<p>La realizaci\u00f3n de la idea empresarial tendr\u00e1 un impacto social y medioambiental positivo directo y est\u00e1 en consonancia con las \u00e1reas tem\u00e1ticas de la Estrategia de Innovaci\u00f3n para una Especializaci\u00f3n Inteligente.<\/p>\n<p>El proyecto se ejecutar\u00e1 mediante la realizaci\u00f3n del siguiente conjunto de actividades:<br \/>\nActividad 1: Comercializaci\u00f3n de la idea empresarial - que incluir\u00e1:<br \/>\n- se forma un equipo de personal cualificado, necesario para la puesta en pr\u00e1ctica de la idea empresarial;<br \/>\n- inversiones realizadas en activos fijos tangibles que crean los requisitos tecnol\u00f3gicos previos necesarios para la realizaci\u00f3n de la idea empresarial;<br \/>\n- una sala de trabajo alquilada;<br \/>\n- un sitio web del Solicitante, promoviendo la idea empresarial y apoyando su implantaci\u00f3n en el mercado;<br \/>\n- desarrollo de an\u00e1lisis de mercado y plan de marketing para la realizaci\u00f3n del mercado, creando los requisitos previos para el \u00e9xito de la realizaci\u00f3n del mercado, como fuente de informaci\u00f3n experta para acciones apropiadas y adaptadas en este proceso.<\/p>\n<p>Actividad 2: Actividad de visualizaci\u00f3n del proyecto - que garantizar\u00e1 la publicidad y visualizaci\u00f3n del proyecto.<\/p>\n<p>OBJETIVOS:<br \/>\nObjetivo principal (general) del proyecto:<\/p>\n<p>Garantizar el desarrollo sostenible y competitivo de la empresa mediante la comercializaci\u00f3n de una idea empresarial incluida en los sectores relacionados con la superaci\u00f3n de los retos europeos y regionales, a saber: fotograf\u00eda comercial - fotograf\u00eda publicitaria, incluida como actividad econ\u00f3mica en el sector M 74.20 Actividades en el \u00e1mbito de la fotograf\u00eda.<\/p>\n<p>Los objetivos espec\u00edficos (OE) del proyecto, que conducen a la consecuci\u00f3n de su objetivo principal (general), son:<\/p>\n<p>OE 1: Formar un equipo de personal cualificado necesario para la puesta en marcha de la idea empresarial objeto del proyecto.<br \/>\nOE 2: Proporcionar las condiciones previas necesarias para la puesta en marcha del servicio objeto del proyecto, facilitando espacio de trabajo, creando las condiciones para la puesta en marcha de la compra prevista de activos fijos y el trabajo de personal cualificado.<br \/>\nOE 3: Crear los prerrequisitos tecnol\u00f3gicos necesarios para la implantaci\u00f3n exitosa en el mercado de la idea empresarial mediante la realizaci\u00f3n de inversiones en activos fijos.<br \/>\nOE 4: Proporcionar los prerrequisitos necesarios para la realizaci\u00f3n exitosa en el mercado y la promoci\u00f3n efectiva de la idea emprendedora a trav\u00e9s del desarrollo de un an\u00e1lisis de mercado y un plan de marketing para su realizaci\u00f3n en el mercado y la creaci\u00f3n de una p\u00e1gina web del solicitante.<br \/>\nOE 5: Garantizar la publicidad y visibilidad del proyecto.<\/p>\n<p>RESULTADOS:<\/p>\n<p>Resultados de la ejecuci\u00f3n de la Actividad para la realizaci\u00f3n en el mercado de la idea empresarial (productos-servicios) (La actividad se ejecutar\u00e1 mediante: 1.Contrataci\u00f3n de personal cualificado - 3 expertos; 2.Adquisici\u00f3n de activos fijos 3.Servicios externos - para la creaci\u00f3n de la p\u00e1gina web del solicitante y para el desarrollo de un an\u00e1lisis de mercado y un plan de marketing para la realizaci\u00f3n en el mercado y 4.Alquiler de un espacio de trabajo. Espacio de trabajo alquilado) \/parte 1 y parte 2\/:<\/p>\n<p>- Plan acordado para los procedimientos de selecci\u00f3n de contratistas dentro del proyecto - 1 incidencia;<br \/>\n- Realizado un procedimiento de selecci\u00f3n de contratista por invitaci\u00f3n p\u00fablica en el marco del CEFMS\/PMS 160 - para la selecci\u00f3n de contratista para el suministro de activos fijos - 1 n\u00famero;<br \/>\n- Contrato(s) celebrado(s) con el (los) contratista(s) seleccionado(s) para la entrega de la FTA;<br \/>\n- Entrega y puesta en servicio de la FTA:<br \/>\n - Puestos de trabajo fijos: 2<br \/>\n - Puestos de trabajo m\u00f3viles: 3<br \/>\n - Tableta: 1 pieza<br \/>\n - C\u00e1mara: 2 piezas<br \/>\n - Flash: 2 piezas<br \/>\n - Objetos: 8 en total, 1 de cada uno de los siguientes tipos - tipo 1, tipo 2, tipo 3, tipo 4, tipo 5, tipo 6, tipo 7 y tipo 8<br \/>\n- Protocolos firmados de aceptaci\u00f3n de entrega (DAP) - 2 piezas;<br \/>\n- Crear los requisitos tecnol\u00f3gicos previos necesarios para ofrecer y comercializar la idea empresarial;<br \/>\n- Crear los prerrequisitos tecnol\u00f3gicos necesarios para el desarrollo sostenible de la idea empresarial;<br \/>\n- Procedimientos de selecci\u00f3n realizados mediante la recogida de al menos 2 ofertas -<br \/>\n - para la selecci\u00f3n de un contratista para la prestaci\u00f3n de servicios externos para el desarrollo de an\u00e1lisis de mercado y plan de marketing para la implantaci\u00f3n en el mercado de la idea empresarial - 1 n\u00famero<br \/>\n - para la selecci\u00f3n de un contratista para la creaci\u00f3n del sitio web del Solicitante - 1 n\u00famero<br \/>\n - alquiler de una sala de trabajo - 1<br \/>\n- Contratistas seleccionados para servicios externos y alquiler de espacios de trabajo - 3;<br \/>\n- Preparaci\u00f3n de un an\u00e1lisis de mercado y un plan de marketing para la realizaci\u00f3n en el mercado de la idea empresarial - 1 n\u00famero, firma de una APP para la prestaci\u00f3n de servicios y creaci\u00f3n de requisitos previos para el \u00e9xito de la realizaci\u00f3n en el mercado de la idea empresarial como resultado del servicio externo prestado;<br \/>\n- Creaci\u00f3n de la p\u00e1gina web del solicitante - 1 n\u00famero, firma de una APP para la prestaci\u00f3n de servicios, creaci\u00f3n de requisitos previos para el \u00e9xito de la realizaci\u00f3n comercial de la idea empresarial y su promoci\u00f3n efectiva en el mercado destinatario, incluido un efecto social positivo;<br \/>\n- Contrato de alquiler del espacio de trabajo y condiciones para la puesta en marcha de la ZLC prevista y el trabajo del personal cualificado - por un periodo de 12 meses dentro del periodo de ejecuci\u00f3n del proyecto;<br \/>\n- Procedimiento de contrataci\u00f3n llevado a cabo - en relaci\u00f3n con la persona a contratar - parte del personal cualificado adicional - 1 persona;<br \/>\n- Personal cualificado contratado: 3 expertos en total;<br \/>\n- Capacidad experta cualificada para comercializar la idea empresarial, responsable de la ejecuci\u00f3n global de la IP y con un compromiso de empleo sostenible por parte del Beneficiario;<br \/>\n- Una idea empresarial implantada en el mercado y su desarrollo sostenible garantizado, incluido el desarrollo competitivo y sostenible de la empresa candidata a largo plazo.<\/p>\n<p>Resultados de la actividad de visualizaci\u00f3n del proyecto (la actividad se llevar\u00e1 a cabo mediante la compra de carteles - 2 piezas y pegatinas - 36 piezas)<\/p>\n<p>- Llevado a cabo un procedimiento para la selecci\u00f3n de un contratista por parte del Beneficiario de conformidad con las disposiciones de la Ley del FEUS y las Directrices de la Autoridad de Gesti\u00f3n del Programa Operativo \"Innovaci\u00f3n y Competitividad\" 2014-2020 - mediante la recopilaci\u00f3n de no menos de 2 ofertas comparables - 1 n\u00famero;<br \/>\n- Contratista seleccionado - 1 pieza;<br \/>\n- Medidas de informaci\u00f3n y publicidad garantizadas de conformidad con los requisitos y directrices aplicables para la aplicaci\u00f3n de las normas de informaci\u00f3n y comunicaci\u00f3n 2014-2020;<br \/>\n- Se han cumplido las medidas de informaci\u00f3n y comunicaci\u00f3n para la creaci\u00f3n del sitio web del solicitante, cuya creaci\u00f3n est\u00e1 prevista en el marco de la ejecuci\u00f3n del presente proyecto;<br \/>\n- Carteles con informaci\u00f3n sobre el proyecto (tama\u00f1o m\u00ednimo A3) preparados y colocados en un lugar visible para el p\u00fablico de conformidad con los requisitos de informaci\u00f3n y comunicaci\u00f3n aplicables - 2 piezas;<br \/>\n- Mencione la contribuci\u00f3n de la UE, el PO de financiaci\u00f3n y la ayuda del FEDER en cada documento relacionado con la ejecuci\u00f3n del proyecto;<br \/>\n- Pegatinas informativas preparadas de conformidad con los requisitos de informaci\u00f3n y publicidad, colocadas en todas las FTA adquiridas en el marco del proyecto - 36 unidades.\t<\/p>","protected":false},"excerpt":{"rendered":"<p>Nos complace informarle de que FLAMAZING Ltd. est\u00e1 ejecutando un proyecto en virtud del acuerdo de subvenci\u00f3n administrativa BG16RFOP002-2.024-1207, nombre del proyecto: \"Fomento del esp\u00edritu empresarial en FLAMAZING Ltd.\", procedimiento BG16RFOP002-2.024 \"Fomento del esp\u00edritu empresarial\", Programa Operativo \"Innovaci\u00f3n y Competitividad\" 2014-2020, cofinanciado por la Uni\u00f3n Europea a trav\u00e9s del Fondo Europeo de Desarrollo Regional. [...]<\/p>","protected":false},"author":1,"featured_media":0,"parent":0,"menu_order":0,"comment_status":"closed","ping_status":"closed","template":"","meta":{"footnotes":""},"class_list":["post-8818","page","type-page","status-publish","hentry"],"_links":{"self":[{"href":"https:\/\/www.flamazing.net\/es\/wp-json\/wp\/v2\/pages\/8818","targetHints":{"allow":["GET"]}}],"collection":[{"href":"https:\/\/www.flamazing.net\/es\/wp-json\/wp\/v2\/pages"}],"about":[{"href":"https:\/\/www.flamazing.net\/es\/wp-json\/wp\/v2\/types\/page"}],"author":[{"embeddable":true,"href":"https:\/\/www.flamazing.net\/es\/wp-json\/wp\/v2\/users\/1"}],"replies":[{"embeddable":true,"href":"https:\/\/www.flamazing.net\/es\/wp-json\/wp\/v2\/comments?post=8818"}],"version-history":[{"count":0,"href":"https:\/\/www.flamazing.net\/es\/wp-json\/wp\/v2\/pages\/8818\/revisions"}],"wp:attachment":[{"href":"https:\/\/www.flamazing.net\/es\/wp-json\/wp\/v2\/media?parent=8818"}],"curies":[{"name":"wp","href":"https:\/\/api.w.org\/{rel}","templated":true}]}}